{"id":3,"date":"2019-02-21T10:21:54","date_gmt":"2019-02-21T09:21:54","guid":{"rendered":"http:\/\/elementorv2.bravo.utvecklingswebb.se\/?page_id=3"},"modified":"2022-10-28T11:28:08","modified_gmt":"2022-10-28T09:28:08","slug":"dataskyddspolicy","status":"publish","type":"page","link":"https:\/\/norlandiahotelgroup.com\/en\/dataskyddspolicy\/","title":{"rendered":"Dataskyddspolicy"},"content":{"rendered":"\t\t<div data-elementor-type=\"wp-page\" data-elementor-id=\"3\" class=\"elementor elementor-3\" data-elementor-post-type=\"page\">\n\t\t\t\t\t\t\t\t\t<header class=\"elementor-section elementor-top-section elementor-element elementor-element-7f2f882 animated-slow elementor-section-height-min-height elementor-section-items-stretch elementor-section-boxed elementor-section-height-default elementor-invisible\" data-id=\"7f2f882\" data-element_type=\"section\" data-settings=\"{&quot;animation&quot;:&quot;fadeIn&quot;}\">\n\t\t\t\t\t\t<div class=\"elementor-container elementor-column-gap-default\">\n\t\t\t\t\t<div class=\"elementor-column elementor-col-100 elementor-top-column elementor-element elementor-element-71161f3\" data-id=\"71161f3\" data-element_type=\"column\">\n\t\t\t<div class=\"elementor-widget-wrap elementor-element-populated\">\n\t\t\t\t\t\t\t\t<div class=\"elementor-element elementor-element-5fc152a elementor-widget elementor-widget-heading\" data-id=\"5fc152a\" data-element_type=\"widget\" data-widget_type=\"heading.default\">\n\t\t\t\t<div class=\"elementor-widget-container\">\n\t\t\t<style>\/*! elementor - v3.16.0 - 20-09-2023 *\/\n.elementor-heading-title{padding:0;margin:0;line-height:1}.elementor-widget-heading .elementor-heading-title[class*=elementor-size-]>a{color:inherit;font-size:inherit;line-height:inherit}.elementor-widget-heading .elementor-heading-title.elementor-size-small{font-size:15px}.elementor-widget-heading .elementor-heading-title.elementor-size-medium{font-size:19px}.elementor-widget-heading .elementor-heading-title.elementor-size-large{font-size:29px}.elementor-widget-heading .elementor-heading-title.elementor-size-xl{font-size:39px}.elementor-widget-heading .elementor-heading-title.elementor-size-xxl{font-size:59px}<\/style><h5 class=\"elementor-heading-title elementor-size-default\">DATA PROTECTION POLICY<\/h5>\t\t<\/div>\n\t\t\t\t<\/div>\n\t\t\t\t<div class=\"elementor-element elementor-element-f8c6d9a elementor-widget elementor-widget-heading\" data-id=\"f8c6d9a\" data-element_type=\"widget\" data-widget_type=\"heading.default\">\n\t\t\t\t<div class=\"elementor-widget-container\">\n\t\t\t<h1 class=\"elementor-heading-title elementor-size-default\">GDPR<\/h1>\t\t<\/div>\n\t\t\t\t<\/div>\n\t\t\t\t<div class=\"elementor-element elementor-element-4a44932 elementor-widget-divider--view-line elementor-widget elementor-widget-divider\" data-id=\"4a44932\" data-element_type=\"widget\" data-widget_type=\"divider.default\">\n\t\t\t\t<div class=\"elementor-widget-container\">\n\t\t\t<style>\/*! elementor - v3.16.0 - 20-09-2023 *\/\n.elementor-widget-divider{--divider-border-style:none;--divider-border-width:1px;--divider-color:#0c0d0e;--divider-icon-size:20px;--divider-element-spacing:10px;--divider-pattern-height:24px;--divider-pattern-size:20px;--divider-pattern-url:none;--divider-pattern-repeat:repeat-x}.elementor-widget-divider .elementor-divider{display:flex}.elementor-widget-divider .elementor-divider__text{font-size:15px;line-height:1;max-width:95%}.elementor-widget-divider .elementor-divider__element{margin:0 var(--divider-element-spacing);flex-shrink:0}.elementor-widget-divider .elementor-icon{font-size:var(--divider-icon-size)}.elementor-widget-divider .elementor-divider-separator{display:flex;margin:0;direction:ltr}.elementor-widget-divider--view-line_icon .elementor-divider-separator,.elementor-widget-divider--view-line_text .elementor-divider-separator{align-items:center}.elementor-widget-divider--view-line_icon .elementor-divider-separator:after,.elementor-widget-divider--view-line_icon .elementor-divider-separator:before,.elementor-widget-divider--view-line_text .elementor-divider-separator:after,.elementor-widget-divider--view-line_text .elementor-divider-separator:before{display:block;content:\"\";border-bottom:0;flex-grow:1;border-top:var(--divider-border-width) var(--divider-border-style) var(--divider-color)}.elementor-widget-divider--element-align-left .elementor-divider .elementor-divider-separator>.elementor-divider__svg:first-of-type{flex-grow:0;flex-shrink:100}.elementor-widget-divider--element-align-left .elementor-divider-separator:before{content:none}.elementor-widget-divider--element-align-left .elementor-divider__element{margin-left:0}.elementor-widget-divider--element-align-right .elementor-divider .elementor-divider-separator>.elementor-divider__svg:last-of-type{flex-grow:0;flex-shrink:100}.elementor-widget-divider--element-align-right .elementor-divider-separator:after{content:none}.elementor-widget-divider--element-align-right .elementor-divider__element{margin-right:0}.elementor-widget-divider:not(.elementor-widget-divider--view-line_text):not(.elementor-widget-divider--view-line_icon) .elementor-divider-separator{border-top:var(--divider-border-width) var(--divider-border-style) var(--divider-color)}.elementor-widget-divider--separator-type-pattern{--divider-border-style:none}.elementor-widget-divider--separator-type-pattern.elementor-widget-divider--view-line .elementor-divider-separator,.elementor-widget-divider--separator-type-pattern:not(.elementor-widget-divider--view-line) .elementor-divider-separator:after,.elementor-widget-divider--separator-type-pattern:not(.elementor-widget-divider--view-line) .elementor-divider-separator:before,.elementor-widget-divider--separator-type-pattern:not([class*=elementor-widget-divider--view]) .elementor-divider-separator{width:100%;min-height:var(--divider-pattern-height);-webkit-mask-size:var(--divider-pattern-size) 100%;mask-size:var(--divider-pattern-size) 100%;-webkit-mask-repeat:var(--divider-pattern-repeat);mask-repeat:var(--divider-pattern-repeat);background-color:var(--divider-color);-webkit-mask-image:var(--divider-pattern-url);mask-image:var(--divider-pattern-url)}.elementor-widget-divider--no-spacing{--divider-pattern-size:auto}.elementor-widget-divider--bg-round{--divider-pattern-repeat:round}.rtl .elementor-widget-divider .elementor-divider__text{direction:rtl}.e-con-inner>.elementor-widget-divider,.e-con>.elementor-widget-divider{width:var(--container-widget-width,100%);--flex-grow:var(--container-widget-flex-grow)}<\/style>\t\t<div class=\"elementor-divider\">\n\t\t\t<span class=\"elementor-divider-separator\">\n\t\t\t\t\t\t<\/span>\n\t\t<\/div>\n\t\t\t\t<\/div>\n\t\t\t\t<\/div>\n\t\t\t\t\t<\/div>\n\t\t<\/div>\n\t\t\t\t\t\t\t<\/div>\n\t\t<\/header>\n\t\t\t\t<section data-dce-background-color=\"#F3F4F5\" class=\"elementor-section elementor-top-section elementor-element elementor-element-859ec5d elementor-section-full_width elementor-section-height-default elementor-section-height-default\" data-id=\"859ec5d\" data-element_type=\"section\" id=\"scrolltome\" data-settings=\"{&quot;background_background&quot;:&quot;classic&quot;}\">\n\t\t\t\t\t\t<div class=\"elementor-container elementor-column-gap-default\">\n\t\t\t\t\t<div class=\"elementor-column elementor-col-100 elementor-top-column elementor-element elementor-element-f8a5de2\" data-id=\"f8a5de2\" data-element_type=\"column\">\n\t\t\t<div class=\"elementor-widget-wrap elementor-element-populated\">\n\t\t\t\t\t\t\t\t<section class=\"elementor-section elementor-inner-section elementor-element elementor-element-7016921 elementor-section-boxed elementor-section-height-default elementor-section-height-default\" data-id=\"7016921\" data-element_type=\"section\">\n\t\t\t\t\t\t<div class=\"elementor-container elementor-column-gap-wide\">\n\t\t\t\t\t<div class=\"elementor-column elementor-col-50 elementor-inner-column elementor-element elementor-element-e48ed8d\" data-id=\"e48ed8d\" data-element_type=\"column\">\n\t\t\t<div class=\"elementor-widget-wrap elementor-element-populated\">\n\t\t\t\t\t\t\t\t<div class=\"elementor-element elementor-element-5338d18 elementor-widget elementor-widget-heading\" data-id=\"5338d18\" data-element_type=\"widget\" data-widget_type=\"heading.default\">\n\t\t\t\t<div class=\"elementor-widget-container\">\n\t\t\t<h2 class=\"elementor-heading-title elementor-size-default\">Your data, Your choice<\/h2>\t\t<\/div>\n\t\t\t\t<\/div>\n\t\t\t\t\t<\/div>\n\t\t<\/div>\n\t\t\t\t<div class=\"elementor-column elementor-col-50 elementor-inner-column elementor-element elementor-element-3784ef0\" data-id=\"3784ef0\" data-element_type=\"column\">\n\t\t\t<div class=\"elementor-widget-wrap elementor-element-populated\">\n\t\t\t\t\t\t\t\t<div class=\"elementor-element elementor-element-8c0c7db elementor-widget elementor-widget-text-editor\" data-id=\"8c0c7db\" data-element_type=\"widget\" data-widget_type=\"text-editor.default\">\n\t\t\t\t<div class=\"elementor-widget-container\">\n\t\t\t<style>\/*! elementor - v3.16.0 - 20-09-2023 *\/\n.elementor-widget-text-editor.elementor-drop-cap-view-stacked .elementor-drop-cap{background-color:#69727d;color:#fff}.elementor-widget-text-editor.elementor-drop-cap-view-framed .elementor-drop-cap{color:#69727d;border:3px solid;background-color:transparent}.elementor-widget-text-editor:not(.elementor-drop-cap-view-default) .elementor-drop-cap{margin-top:8px}.elementor-widget-text-editor:not(.elementor-drop-cap-view-default) .elementor-drop-cap-letter{width:1em;height:1em}.elementor-widget-text-editor .elementor-drop-cap{float:left;text-align:center;line-height:1;font-size:50px}.elementor-widget-text-editor .elementor-drop-cap-letter{display:inline-block}<\/style>\t\t\t\t<h3>\u00a71. Data we handle and purpose We handle these types of data:<\/h3>\n<p>\u00a71.1 Contact person&#8217;s name, telephone number, address and e-mail address.<\/p>\n<h3>\u00a72. Contact details<\/h3>\n<p>Our contact details for requesting information, having data deleted or other questions that may arise are:<\/p>\n<p>E-mail: service@norlandia.no<\/p>\n<h3>\u00a73. Contact details data protection officer<\/h3>\n<p>Our contact details for data protection officers to request information, have data deleted or other questions that may arise are the same as above, point \u00a72.<\/p>\n<h3>\u00a74. Our obligations<\/h3>\n<p>We are always obliged and responsible to provide all kinds of data, notes and information that the respective person and\/or company requests within 48 hours (weekdays). Likewise, removal of the same applies. Of course, we never release data to third parties or to anyone who has not been verified to be the same person for the data or a supplier who needs to process e.g. address or the like. We also have an obligation to correct and update information on requests if this occurs. This too must take place as soon as possible, but no later than within 72 hours (weekdays). If you do not think we are fulfilling our obligations, you are invited to contact the supervisory authority if we disagree. You have every right to find out how we got hold of the data if you are unsure, we must report this clearly.<\/p>\n<h3>\u00a75. To withdraw consent<\/h3>\n<p>You as a customer or partner always have the right to withdraw your consent to this agreement at any time. If you wish to do this, write an e-mail to us in which you describe that you wish to withdraw your consent. This takes place with immediate effect and our obligations according to \u00a74 are automatically activated.<\/p>\n<h3>\u00a76. The right to be deleted<\/h3>\n<p>As a customer or business partner, you always have the right to be deleted at any time. If this is desired, write an e-mail to us and tell us that you wish to be deleted. This takes place with immediate effect and our obligations according to \u00a74 are automatically activated.<\/p>\n<h3>\u00a77. Consent Agreement<\/h3>\n<p>By using our website, you agree to our policy. This consent agreement is valid until you actively terminate the consent, or if \u00a75 and \u00a76 are activated.<\/p>\n<h3>\u00a78. User Right<\/h3>\n<p>In this paragraph, we describe who has the right to use the information specified in \u00a71. Those who are employed by us have the right to use the information required to perform the tasks. The employees have received internal training as described in \u00a79.<\/p>\n<h3>\u00a79. User Security<\/h3>\n<p>Personalen som hanterar personuppgifter utbildas internt och l\u00f6pande i hantering av uppgifter. Detta f\u00f6r att den m\u00e4nskliga faktorn skall vara absolut minimal. De tr\u00e4nas p\u00e5 att hantera uppgifter p\u00e5 ett varsamt s\u00e4tt \u00f6ver tid och har kunskap i att kunna gl\u00f6mma kunders uppgifter i v\u00e5ra system.<\/p>\n<h3>\u00a710. Technical security<\/h3>\n<p>All data containing sensitive information is stored digitally with encrypted security.<\/p>\n<h3>\u00a711. Form Data<\/h3>\n<p>Forms submitted via the website are stored digitally and sent via encrypted connection. We store this information in order to keep our service at the highest level.<\/p>\n<h3>\u00a712. Cookies<\/h3>\n<p>A cookie is a small text file that the website you visit requests to save on your computer. Cookies are used on many websites to give a visitor access to various features. The information in the cookie can be used to track a user&#8217;s surfing.<\/p>\n<p>There are two types of cookies. One type saves a file for a longer period of time on your computer. It is used, for example, in functions that tell about what is new since the user last visited the current website. The second type of cookies are called session cookies. While you are browsing a page, this cookie is temporarily stored in your computer&#8217;s memory, for example to keep track of which language you have chosen. Session cookies are not stored for a long time on your computer, but disappear when you close your browser.<\/p>\n<h3>\u00a713. Maintenance<\/h3>\n<p>We update and review our policy frequently, once a quarter, or more if necessary, so that it is always current and reliable.<\/p>\t\t\t\t\t\t<\/div>\n\t\t\t\t<\/div>\n\t\t\t\t\t<\/div>\n\t\t<\/div>\n\t\t\t\t\t\t\t<\/div>\n\t\t<\/section>\n\t\t\t\t\t<\/div>\n\t\t<\/div>\n\t\t\t\t\t\t\t<\/div>\n\t\t<\/section>\n\t\t\t\t\t\t\t<\/div>\n\t\t","protected":false},"excerpt":{"rendered":"<p>DATA PROTECTION POLICY GDPR Your data, Your choice \u00a71. Data we handle and purpose We handle these types of data: \u00a71.1 Contact person&#8217;s name, telephone number, address and e-mail address. \u00a72. Contact details Our contact details for requesting information, having data deleted or other questions that may arise are: E-mail: service@norlandia.no \u00a73. Contact details data [&hellip;]<\/p>\n","protected":false},"author":3,"featured_media":0,"parent":0,"menu_order":1000,"comment_status":"closed","ping_status":"closed","template":"elementor_header_footer","meta":{"footnotes":""},"page_insights":[],"acf":[],"yoast_head":"<!-- This site is optimized with the Yoast SEO Premium plugin v21.2 (Yoast SEO v21.2) - https:\/\/yoast.com\/wordpress\/plugins\/seo\/ -->\n<title>Dataskyddspolicy | Norlandia Hotel Group<\/title>\n<meta name=\"robots\" content=\"index, follow, max-snippet:-1, max-image-preview:large, max-video-preview:-1\" \/>\n<link rel=\"canonical\" href=\"https:\/\/norlandiahotelgroup.com\/en\/dataskyddspolicy\/\" \/>\n<meta property=\"og:locale\" content=\"en_US\" \/>\n<meta property=\"og:type\" content=\"article\" \/>\n<meta property=\"og:title\" content=\"Dataskyddspolicy\" \/>\n<meta property=\"og:description\" content=\"DATA PROTECTION POLICY GDPR Your data, Your choice \u00a71. Data we handle and purpose We handle these types of data: \u00a71.1 Contact person&#8217;s name, telephone number, address and e-mail address. \u00a72. Contact details Our contact details for requesting information, having data deleted or other questions that may arise are: E-mail: service@norlandia.no \u00a73. Contact details data [&hellip;]\" \/>\n<meta property=\"og:url\" content=\"https:\/\/norlandiahotelgroup.com\/en\/dataskyddspolicy\/\" \/>\n<meta property=\"og:site_name\" content=\"Norlandia Hotel Group\" \/>\n<meta property=\"article:publisher\" content=\"https:\/\/www.facebook.com\/norlandiahotelgroup\" \/>\n<meta property=\"article:modified_time\" content=\"2022-10-28T09:28:08+00:00\" \/>\n<meta property=\"og:image\" content=\"https:\/\/norlandiahotelgroup.com\/wp-content\/uploads\/2022\/10\/norlandiahotelgroup-ourteam.jpg\" \/>\n\t<meta property=\"og:image:width\" content=\"1200\" \/>\n\t<meta property=\"og:image:height\" content=\"1000\" \/>\n\t<meta property=\"og:image:type\" content=\"image\/jpeg\" \/>\n<meta name=\"twitter:card\" content=\"summary_large_image\" \/>\n<meta name=\"twitter:label1\" content=\"Est. reading time\" \/>\n\t<meta name=\"twitter:data1\" content=\"3 minutes\" \/>\n<script type=\"application\/ld+json\" class=\"yoast-schema-graph\">{\"@context\":\"https:\/\/schema.org\",\"@graph\":[{\"@type\":\"WebPage\",\"@id\":\"https:\/\/norlandiahotelgroup.com\/en\/dataskyddspolicy\/\",\"url\":\"https:\/\/norlandiahotelgroup.com\/en\/dataskyddspolicy\/\",\"name\":\"Dataskyddspolicy | Norlandia Hotel Group\",\"isPartOf\":{\"@id\":\"https:\/\/norlandiahotelgroup.com\/en\/#website\"},\"datePublished\":\"2019-02-21T09:21:54+00:00\",\"dateModified\":\"2022-10-28T09:28:08+00:00\",\"breadcrumb\":{\"@id\":\"https:\/\/norlandiahotelgroup.com\/en\/dataskyddspolicy\/#breadcrumb\"},\"inLanguage\":\"en-US\",\"potentialAction\":[{\"@type\":\"ReadAction\",\"target\":[\"https:\/\/norlandiahotelgroup.com\/en\/dataskyddspolicy\/\"]}]},{\"@type\":\"BreadcrumbList\",\"@id\":\"https:\/\/norlandiahotelgroup.com\/en\/dataskyddspolicy\/#breadcrumb\",\"itemListElement\":[{\"@type\":\"ListItem\",\"position\":1,\"name\":\"Hem\",\"item\":\"https:\/\/norlandiahotelgroup.com\/en\/\"},{\"@type\":\"ListItem\",\"position\":2,\"name\":\"Dataskyddspolicy\"}]},{\"@type\":\"WebSite\",\"@id\":\"https:\/\/norlandiahotelgroup.com\/en\/#website\",\"url\":\"https:\/\/norlandiahotelgroup.com\/en\/\",\"name\":\"Norlandia Hotel Group\",\"description\":\"More than 30 years experience in hotel management, development and leasing hotels!\",\"publisher\":{\"@id\":\"https:\/\/norlandiahotelgroup.com\/en\/#organization\"},\"potentialAction\":[{\"@type\":\"SearchAction\",\"target\":{\"@type\":\"EntryPoint\",\"urlTemplate\":\"https:\/\/norlandiahotelgroup.com\/en\/?s={search_term_string}\"},\"query-input\":\"required name=search_term_string\"}],\"inLanguage\":\"en-US\"},{\"@type\":\"Organization\",\"@id\":\"https:\/\/norlandiahotelgroup.com\/en\/#organization\",\"name\":\"Norlandia Hotel Group\",\"url\":\"https:\/\/norlandiahotelgroup.com\/en\/\",\"logo\":{\"@type\":\"ImageObject\",\"inLanguage\":\"en-US\",\"@id\":\"https:\/\/norlandiahotelgroup.com\/en\/#\/schema\/logo\/image\/\",\"url\":\"https:\/\/norlandiahotelgroup.com\/wp-content\/uploads\/2022\/10\/cropped-faviconx2-1.jpg\",\"contentUrl\":\"https:\/\/norlandiahotelgroup.com\/wp-content\/uploads\/2022\/10\/cropped-faviconx2-1.jpg\",\"width\":512,\"height\":512,\"caption\":\"Norlandia Hotel Group\"},\"image\":{\"@id\":\"https:\/\/norlandiahotelgroup.com\/en\/#\/schema\/logo\/image\/\"},\"sameAs\":[\"https:\/\/www.facebook.com\/norlandiahotelgroup\"]}]}<\/script>\n<!-- \/ Yoast SEO Premium plugin. -->","yoast_head_json":{"title":"Dataskyddspolicy | Norlandia Hotel Group","robots":{"index":"index","follow":"follow","max-snippet":"max-snippet:-1","max-image-preview":"max-image-preview:large","max-video-preview":"max-video-preview:-1"},"canonical":"https:\/\/norlandiahotelgroup.com\/en\/dataskyddspolicy\/","og_locale":"en_US","og_type":"article","og_title":"Dataskyddspolicy","og_description":"DATA PROTECTION POLICY GDPR Your data, Your choice \u00a71. Data we handle and purpose We handle these types of data: \u00a71.1 Contact person&#8217;s name, telephone number, address and e-mail address. \u00a72. Contact details Our contact details for requesting information, having data deleted or other questions that may arise are: E-mail: service@norlandia.no \u00a73. Contact details data [&hellip;]","og_url":"https:\/\/norlandiahotelgroup.com\/en\/dataskyddspolicy\/","og_site_name":"Norlandia Hotel Group","article_publisher":"https:\/\/www.facebook.com\/norlandiahotelgroup","article_modified_time":"2022-10-28T09:28:08+00:00","og_image":[{"width":1200,"height":1000,"url":"https:\/\/norlandiahotelgroup.com\/wp-content\/uploads\/2022\/10\/norlandiahotelgroup-ourteam.jpg","type":"image\/jpeg"}],"twitter_card":"summary_large_image","twitter_misc":{"Est. reading time":"3 minutes"},"schema":{"@context":"https:\/\/schema.org","@graph":[{"@type":"WebPage","@id":"https:\/\/norlandiahotelgroup.com\/en\/dataskyddspolicy\/","url":"https:\/\/norlandiahotelgroup.com\/en\/dataskyddspolicy\/","name":"Dataskyddspolicy | Norlandia Hotel Group","isPartOf":{"@id":"https:\/\/norlandiahotelgroup.com\/en\/#website"},"datePublished":"2019-02-21T09:21:54+00:00","dateModified":"2022-10-28T09:28:08+00:00","breadcrumb":{"@id":"https:\/\/norlandiahotelgroup.com\/en\/dataskyddspolicy\/#breadcrumb"},"inLanguage":"en-US","potentialAction":[{"@type":"ReadAction","target":["https:\/\/norlandiahotelgroup.com\/en\/dataskyddspolicy\/"]}]},{"@type":"BreadcrumbList","@id":"https:\/\/norlandiahotelgroup.com\/en\/dataskyddspolicy\/#breadcrumb","itemListElement":[{"@type":"ListItem","position":1,"name":"Hem","item":"https:\/\/norlandiahotelgroup.com\/en\/"},{"@type":"ListItem","position":2,"name":"Dataskyddspolicy"}]},{"@type":"WebSite","@id":"https:\/\/norlandiahotelgroup.com\/en\/#website","url":"https:\/\/norlandiahotelgroup.com\/en\/","name":"Norlandia Hotel Group","description":"More than 30 years experience in hotel management, development and leasing hotels!","publisher":{"@id":"https:\/\/norlandiahotelgroup.com\/en\/#organization"},"potentialAction":[{"@type":"SearchAction","target":{"@type":"EntryPoint","urlTemplate":"https:\/\/norlandiahotelgroup.com\/en\/?s={search_term_string}"},"query-input":"required name=search_term_string"}],"inLanguage":"en-US"},{"@type":"Organization","@id":"https:\/\/norlandiahotelgroup.com\/en\/#organization","name":"Norlandia Hotel Group","url":"https:\/\/norlandiahotelgroup.com\/en\/","logo":{"@type":"ImageObject","inLanguage":"en-US","@id":"https:\/\/norlandiahotelgroup.com\/en\/#\/schema\/logo\/image\/","url":"https:\/\/norlandiahotelgroup.com\/wp-content\/uploads\/2022\/10\/cropped-faviconx2-1.jpg","contentUrl":"https:\/\/norlandiahotelgroup.com\/wp-content\/uploads\/2022\/10\/cropped-faviconx2-1.jpg","width":512,"height":512,"caption":"Norlandia Hotel Group"},"image":{"@id":"https:\/\/norlandiahotelgroup.com\/en\/#\/schema\/logo\/image\/"},"sameAs":["https:\/\/www.facebook.com\/norlandiahotelgroup"]}]}},"_links":{"self":[{"href":"https:\/\/norlandiahotelgroup.com\/en\/wp-json\/wp\/v2\/pages\/3"}],"collection":[{"href":"https:\/\/norlandiahotelgroup.com\/en\/wp-json\/wp\/v2\/pages"}],"about":[{"href":"https:\/\/norlandiahotelgroup.com\/en\/wp-json\/wp\/v2\/types\/page"}],"author":[{"embeddable":true,"href":"https:\/\/norlandiahotelgroup.com\/en\/wp-json\/wp\/v2\/users\/3"}],"replies":[{"embeddable":true,"href":"https:\/\/norlandiahotelgroup.com\/en\/wp-json\/wp\/v2\/comments?post=3"}],"version-history":[{"count":0,"href":"https:\/\/norlandiahotelgroup.com\/en\/wp-json\/wp\/v2\/pages\/3\/revisions"}],"wp:attachment":[{"href":"https:\/\/norlandiahotelgroup.com\/en\/wp-json\/wp\/v2\/media?parent=3"}],"wp:term":[{"taxonomy":"page_insights","embeddable":true,"href":"https:\/\/norlandiahotelgroup.com\/en\/wp-json\/wp\/v2\/page_insights?post=3"}],"curies":[{"name":"wp","href":"https:\/\/api.w.org\/{rel}","templated":true}]}}