{"id":18286,"date":"2019-02-21T10:21:54","date_gmt":"2019-02-21T09:21:54","guid":{"rendered":"http:\/\/norlandia.juliet.utvecklingswebb.se\/dataskyddspolicy\/"},"modified":"2022-11-20T12:57:18","modified_gmt":"2022-11-20T11:57:18","slug":"dataskyddspolicy","status":"publish","type":"page","link":"https:\/\/norlandiahotelgroup.com\/no\/dataskyddspolicy\/","title":{"rendered":"Dataskyddspolicy"},"content":{"rendered":"\t\t<div data-elementor-type=\"wp-page\" data-elementor-id=\"18286\" class=\"elementor elementor-18286 elementor-3\" data-elementor-post-type=\"page\">\n\t\t\t\t\t\t\t\t\t<header class=\"elementor-section elementor-top-section elementor-element elementor-element-7f2f882 animated-slow elementor-section-height-min-height elementor-section-items-stretch elementor-section-boxed elementor-section-height-default elementor-invisible\" data-id=\"7f2f882\" data-element_type=\"section\" data-settings=\"{&quot;animation&quot;:&quot;fadeIn&quot;}\">\n\t\t\t\t\t\t<div class=\"elementor-container elementor-column-gap-default\">\n\t\t\t\t\t<div class=\"elementor-column elementor-col-100 elementor-top-column elementor-element elementor-element-71161f3\" data-id=\"71161f3\" data-element_type=\"column\">\n\t\t\t<div class=\"elementor-widget-wrap elementor-element-populated\">\n\t\t\t\t\t\t\t\t<div class=\"elementor-element elementor-element-5fc152a elementor-widget elementor-widget-heading\" data-id=\"5fc152a\" data-element_type=\"widget\" data-widget_type=\"heading.default\">\n\t\t\t\t<div class=\"elementor-widget-container\">\n\t\t\t<style>\/*! elementor - v3.16.0 - 20-09-2023 *\/\n.elementor-heading-title{padding:0;margin:0;line-height:1}.elementor-widget-heading .elementor-heading-title[class*=elementor-size-]>a{color:inherit;font-size:inherit;line-height:inherit}.elementor-widget-heading .elementor-heading-title.elementor-size-small{font-size:15px}.elementor-widget-heading .elementor-heading-title.elementor-size-medium{font-size:19px}.elementor-widget-heading .elementor-heading-title.elementor-size-large{font-size:29px}.elementor-widget-heading .elementor-heading-title.elementor-size-xl{font-size:39px}.elementor-widget-heading .elementor-heading-title.elementor-size-xxl{font-size:59px}<\/style><h5 class=\"elementor-heading-title elementor-size-default\">DATA PROTECTION POLICY<\/h5>\t\t<\/div>\n\t\t\t\t<\/div>\n\t\t\t\t<div class=\"elementor-element elementor-element-f8c6d9a elementor-widget elementor-widget-heading\" data-id=\"f8c6d9a\" data-element_type=\"widget\" data-widget_type=\"heading.default\">\n\t\t\t\t<div class=\"elementor-widget-container\">\n\t\t\t<h1 class=\"elementor-heading-title elementor-size-default\">GDPR<\/h1>\t\t<\/div>\n\t\t\t\t<\/div>\n\t\t\t\t<div class=\"elementor-element elementor-element-4a44932 elementor-widget-divider--view-line elementor-widget elementor-widget-divider\" data-id=\"4a44932\" data-element_type=\"widget\" data-widget_type=\"divider.default\">\n\t\t\t\t<div class=\"elementor-widget-container\">\n\t\t\t<style>\/*! elementor - v3.16.0 - 20-09-2023 *\/\n.elementor-widget-divider{--divider-border-style:none;--divider-border-width:1px;--divider-color:#0c0d0e;--divider-icon-size:20px;--divider-element-spacing:10px;--divider-pattern-height:24px;--divider-pattern-size:20px;--divider-pattern-url:none;--divider-pattern-repeat:repeat-x}.elementor-widget-divider .elementor-divider{display:flex}.elementor-widget-divider .elementor-divider__text{font-size:15px;line-height:1;max-width:95%}.elementor-widget-divider .elementor-divider__element{margin:0 var(--divider-element-spacing);flex-shrink:0}.elementor-widget-divider .elementor-icon{font-size:var(--divider-icon-size)}.elementor-widget-divider .elementor-divider-separator{display:flex;margin:0;direction:ltr}.elementor-widget-divider--view-line_icon .elementor-divider-separator,.elementor-widget-divider--view-line_text .elementor-divider-separator{align-items:center}.elementor-widget-divider--view-line_icon .elementor-divider-separator:after,.elementor-widget-divider--view-line_icon .elementor-divider-separator:before,.elementor-widget-divider--view-line_text .elementor-divider-separator:after,.elementor-widget-divider--view-line_text .elementor-divider-separator:before{display:block;content:\"\";border-bottom:0;flex-grow:1;border-top:var(--divider-border-width) var(--divider-border-style) var(--divider-color)}.elementor-widget-divider--element-align-left .elementor-divider .elementor-divider-separator>.elementor-divider__svg:first-of-type{flex-grow:0;flex-shrink:100}.elementor-widget-divider--element-align-left .elementor-divider-separator:before{content:none}.elementor-widget-divider--element-align-left .elementor-divider__element{margin-left:0}.elementor-widget-divider--element-align-right .elementor-divider .elementor-divider-separator>.elementor-divider__svg:last-of-type{flex-grow:0;flex-shrink:100}.elementor-widget-divider--element-align-right .elementor-divider-separator:after{content:none}.elementor-widget-divider--element-align-right .elementor-divider__element{margin-right:0}.elementor-widget-divider:not(.elementor-widget-divider--view-line_text):not(.elementor-widget-divider--view-line_icon) .elementor-divider-separator{border-top:var(--divider-border-width) var(--divider-border-style) var(--divider-color)}.elementor-widget-divider--separator-type-pattern{--divider-border-style:none}.elementor-widget-divider--separator-type-pattern.elementor-widget-divider--view-line .elementor-divider-separator,.elementor-widget-divider--separator-type-pattern:not(.elementor-widget-divider--view-line) .elementor-divider-separator:after,.elementor-widget-divider--separator-type-pattern:not(.elementor-widget-divider--view-line) .elementor-divider-separator:before,.elementor-widget-divider--separator-type-pattern:not([class*=elementor-widget-divider--view]) .elementor-divider-separator{width:100%;min-height:var(--divider-pattern-height);-webkit-mask-size:var(--divider-pattern-size) 100%;mask-size:var(--divider-pattern-size) 100%;-webkit-mask-repeat:var(--divider-pattern-repeat);mask-repeat:var(--divider-pattern-repeat);background-color:var(--divider-color);-webkit-mask-image:var(--divider-pattern-url);mask-image:var(--divider-pattern-url)}.elementor-widget-divider--no-spacing{--divider-pattern-size:auto}.elementor-widget-divider--bg-round{--divider-pattern-repeat:round}.rtl .elementor-widget-divider .elementor-divider__text{direction:rtl}.e-con-inner>.elementor-widget-divider,.e-con>.elementor-widget-divider{width:var(--container-widget-width,100%);--flex-grow:var(--container-widget-flex-grow)}<\/style>\t\t<div class=\"elementor-divider\">\n\t\t\t<span class=\"elementor-divider-separator\">\n\t\t\t\t\t\t<\/span>\n\t\t<\/div>\n\t\t\t\t<\/div>\n\t\t\t\t<\/div>\n\t\t\t\t\t<\/div>\n\t\t<\/div>\n\t\t\t\t\t\t\t<\/div>\n\t\t<\/header>\n\t\t\t\t<section data-dce-background-color=\"#F3F4F5\" class=\"elementor-section elementor-top-section elementor-element elementor-element-859ec5d elementor-section-full_width elementor-section-height-default elementor-section-height-default\" data-id=\"859ec5d\" data-element_type=\"section\" id=\"scrolltome\" data-settings=\"{&quot;background_background&quot;:&quot;classic&quot;}\">\n\t\t\t\t\t\t<div class=\"elementor-container elementor-column-gap-default\">\n\t\t\t\t\t<div class=\"elementor-column elementor-col-100 elementor-top-column elementor-element elementor-element-f8a5de2\" data-id=\"f8a5de2\" data-element_type=\"column\">\n\t\t\t<div class=\"elementor-widget-wrap elementor-element-populated\">\n\t\t\t\t\t\t\t\t<section class=\"elementor-section elementor-inner-section elementor-element elementor-element-7016921 elementor-section-boxed elementor-section-height-default elementor-section-height-default\" data-id=\"7016921\" data-element_type=\"section\">\n\t\t\t\t\t\t<div class=\"elementor-container elementor-column-gap-wide\">\n\t\t\t\t\t<div class=\"elementor-column elementor-col-50 elementor-inner-column elementor-element elementor-element-e48ed8d\" data-id=\"e48ed8d\" data-element_type=\"column\">\n\t\t\t<div class=\"elementor-widget-wrap elementor-element-populated\">\n\t\t\t\t\t\t\t\t<div class=\"elementor-element elementor-element-5338d18 elementor-widget elementor-widget-heading\" data-id=\"5338d18\" data-element_type=\"widget\" data-widget_type=\"heading.default\">\n\t\t\t\t<div class=\"elementor-widget-container\">\n\t\t\t<h2 class=\"elementor-heading-title elementor-size-default\">Dine data, dine valg<\/h2>\t\t<\/div>\n\t\t\t\t<\/div>\n\t\t\t\t\t<\/div>\n\t\t<\/div>\n\t\t\t\t<div class=\"elementor-column elementor-col-50 elementor-inner-column elementor-element elementor-element-3784ef0\" data-id=\"3784ef0\" data-element_type=\"column\">\n\t\t\t<div class=\"elementor-widget-wrap elementor-element-populated\">\n\t\t\t\t\t\t\t\t<div class=\"elementor-element elementor-element-8c0c7db elementor-widget elementor-widget-text-editor\" data-id=\"8c0c7db\" data-element_type=\"widget\" data-widget_type=\"text-editor.default\">\n\t\t\t\t<div class=\"elementor-widget-container\">\n\t\t\t<style>\/*! elementor - v3.16.0 - 20-09-2023 *\/\n.elementor-widget-text-editor.elementor-drop-cap-view-stacked .elementor-drop-cap{background-color:#69727d;color:#fff}.elementor-widget-text-editor.elementor-drop-cap-view-framed .elementor-drop-cap{color:#69727d;border:3px solid;background-color:transparent}.elementor-widget-text-editor:not(.elementor-drop-cap-view-default) .elementor-drop-cap{margin-top:8px}.elementor-widget-text-editor:not(.elementor-drop-cap-view-default) .elementor-drop-cap-letter{width:1em;height:1em}.elementor-widget-text-editor .elementor-drop-cap{float:left;text-align:center;line-height:1;font-size:50px}.elementor-widget-text-editor .elementor-drop-cap-letter{display:inline-block}<\/style>\t\t\t\t<strong>\u00a71 DATA VI H\u00c5NDTERER OG FORM\u00c5L FOR H\u00c5NDTERING AV DISSE TYPER DATA:<\/strong>\r\n\r\n<span style=\"font-weight: 400;\"><strong>\u00a71.1<\/strong> Kontaktpersonens navn, telefonnummer, adresse og e-postadresse.<\/span>\r\n\r\n<strong>\u00a72. KONTAKTDETALJER<\/strong>\r\n\r\n<span style=\"font-weight: 400;\">Kontaktdetaljene vi ber om, sletting av data eller andre sp\u00f8rsm\u00e5l som kan oppst\u00e5 er:<\/span>\r\n\r\nE-mail: service@norlandia.no\r\n\r\n<strong>\u00a73. PERSONVERNOMBUDET FOR KONTAKTDETALJER<\/strong>\r\n\r\n<span style=\"font-weight: 400;\">Kontaktdetaljene v\u00e5rt personvernombud ber om, sletting av data eller andre sp\u00f8rsm\u00e5l som kan oppst\u00e5 er samme som over, punkt \u00a72.<\/span>\r\n\r\n<strong>\u00a7.4 V\u00c5RE FORPLIKTELSER<\/strong>\r\n\r\n<span style=\"font-weight: 400;\">Vi er alltid forpliktet til og ansvarlig for \u00e5 oppgi alle typer data, notater og informasjon som den respektive personen og\/eller selskapet ber om innen 48 timer (virkedager). P\u00e5 lik linje gjelder fjerning av samme type. Selvf\u00f8lgelig utleverer vi aldri til tredjeparter eller noen som ikke er verifisert som eier av dataene eller en leverand\u00f8r som trenger \u00e5 bruke f.eks. adresse eller lignende. Ved foresp\u00f8rsler er vi forpliktet \u00e5 rette eller oppdatere informasjon. Dette m\u00e5 ogs\u00e5 gj\u00f8res s\u00e5 raskt som mulig, men senest innen 72 timer (virkedager). Dersom du mener vi ikke oppfyller v\u00e5re forpliktelser oppfordres du til \u00e5 kontakte Datatilsynet dersom vi ikke er enige. Hvis du er i tvil, har du all rett til \u00e5 vite hvordan vi fikk tak i dataene, disse m\u00e5 rapporteres tydelig.<\/span>\r\n\r\n<strong>\u00a75. \u00c5 TREKKE TILBAKE SAMTYKKE<\/strong>\r\n\r\n<span style=\"font-weight: 400;\">Som kunde eller partner har du til enhver tid rett til \u00e5 trekke tilbake ditt samtykke til denne avtalen. Hvis du \u00f8nsker dette kan du sende oss en e-post som beskriver at du vil trekke ditt samtykke tilbake. Dette vil skje med umiddelbar virkning og i takt med v\u00e5re forpliktelser jf. \u00a74 aktiveres automatisk.<\/span>\r\n\r\n<strong>\u00a76. RETTEN TIL \u00c5 SLETTES<\/strong>\r\n\r\n<span style=\"font-weight: 400;\">Som kunde eller forretningspartner har du til enhver tid rett til \u00e5 bli slettet. Hvis du \u00f8nsker dette kan du sende oss en e-post og beskrive at du \u00f8nsker \u00e5 bli slettet. Dette vil skje med umiddelbar virkning og i takt med v\u00e5re forpliktelser jf. \u00a74 aktiveres automatisk.<\/span>\r\n\r\n<strong>\u00a77. SAMTYKKEAVTALEN<\/strong>\r\n\r\n<span style=\"font-weight: 400;\">Ved \u00e5 bruke v\u00e5r nettside samtykker du til v\u00e5re betingelser. Denne samtykkeavtalen er gyldig inntil du aktivt sier opp samtykket, eller hvis \u00a75 og \u00a76 aktiveres.<\/span>\r\n\r\n<strong>\u00a7.8 BRUKSRETTEN<\/strong>\r\n\r\n<span style=\"font-weight: 400;\">I denne paragrafen beskriver vi hvem som har retten til \u00e5 bruke informasjonen spesifisert i \u00a71. De som er ansatte hos oss har retten til \u00e5 bruke informasjonen for \u00e5 kunne utf\u00f8re oppgavene. De ansatte har gjennomg\u00e5tt intern oppl\u00e6ring som beskrevet i \u00a79.<\/span>\r\n\r\n<strong>\u00a79. BRUKERSIKKERHET<\/strong>\r\n\r\n<span style=\"font-weight: 400;\">Ansatte som h\u00e5ndterer personopplysninger gjennomg\u00e5r l\u00f8pende oppl\u00e6ring for h\u00e5ndtering av informasjon internt. Dette for at den menneskelige faktor skal v\u00e6re absolutt minimal. De trenes p\u00e5 \u00e5 h\u00e5ndtere informasjon p\u00e5 en trygg m\u00e5te over tid og har kunnskap om \u00e5 glemme kunders informasjon i v\u00e5re l\u00f8sninger.<\/span>\r\n\r\n<strong>\u00a710. TEKNISK SIKKERHET<\/strong>\r\n\r\n<span style=\"font-weight: 400;\">All data som inneholder sensitiv information lagres digitalt med kryptert sikkerhet.<\/span>\r\n\r\n<strong>\u00a711. SKJEMADATA<\/strong>\r\n\r\n<span style=\"font-weight: 400;\">Innleverte skjemaer via nettsiden lagres digitalt og sendes via kryptert tilkobling. Vi lagrer denne informasjonen for \u00e5 kunne holde tjenesten v\u00e5r p\u00e5 aller h\u00f8yeste niv\u00e5.<\/span>\r\n\r\n<strong>\u00a712. INFORMASJONSKAPSLER<\/strong>\r\n\r\n<span style=\"font-weight: 400;\">En informasjonskapsel er en liten tekstfil som nettsiden du bes\u00f8ker ber om \u00e5 lagres p\u00e5 din datamaskin. Informasjonskapsler brukes p\u00e5 en rekke nettsider for \u00e5 gi en bes\u00f8kende tilgang til ulike l\u00f8sninger. Informasjonen i informasjonskapselen kan brukes til \u00e5 kartlegge en brukers surfing.<\/span>\r\n\r\n&nbsp;\r\n\r\n<span style=\"font-weight: 400;\">Det finnes to typer informasjonskapsler. Den ene typen lagrer en fil i lengre perioder p\u00e5 din datamaskin. For eksempel brukes denne i funksjoner som opplyser om hva som er nytt siden brukeren sist bes\u00f8kte gjeldende nettside. Den andre typen kalles sesjonsavhengig informasjonskapsel. Mens du surfer p\u00e5 en side lagres denne informasjonskapselen midlertidig i datamaskinens minne, for eksempel for \u00e5 kartlegge hvilket spr\u00e5k du har valgt. Sesjonsavhengige informasjonskapsler lagres ikke i lengre perioder p\u00e5 din datamaskin, de forsvinner n\u00e5r du lukker din nettleser.<\/span>\r\n\r\n&nbsp;\r\n\r\n<strong>\u00a713. VEDLIKEHOLD<\/strong>\r\n\r\n<span style=\"font-weight: 400;\">Vi oppdaterer og gjennomg\u00e5r v\u00e5re betingelser jevnlig, kvartalsvis, eller oftere ved behov, slik at den alltid er aktuell og p\u00e5litelig.<\/span>\t\t\t\t\t\t<\/div>\n\t\t\t\t<\/div>\n\t\t\t\t\t<\/div>\n\t\t<\/div>\n\t\t\t\t\t\t\t<\/div>\n\t\t<\/section>\n\t\t\t\t\t<\/div>\n\t\t<\/div>\n\t\t\t\t\t\t\t<\/div>\n\t\t<\/section>\n\t\t\t\t\t\t\t<\/div>\n\t\t","protected":false},"excerpt":{"rendered":"<p>DATA PROTECTION POLICY GDPR Dine data, dine valg \u00a71 DATA VI H\u00c5NDTERER OG FORM\u00c5L FOR H\u00c5NDTERING AV DISSE TYPER DATA: \u00a71.1 Kontaktpersonens navn, telefonnummer, adresse og e-postadresse. \u00a72. KONTAKTDETALJER Kontaktdetaljene vi ber om, sletting av data eller andre sp\u00f8rsm\u00e5l som kan oppst\u00e5 er: E-mail: service@norlandia.no \u00a73. PERSONVERNOMBUDET FOR KONTAKTDETALJER Kontaktdetaljene v\u00e5rt personvernombud ber om, sletting [&hellip;]<\/p>\n","protected":false},"author":3,"featured_media":0,"parent":0,"menu_order":1000,"comment_status":"closed","ping_status":"closed","template":"elementor_header_footer","meta":{"footnotes":""},"page_insights":[],"acf":[],"yoast_head":"<!-- This site is optimized with the Yoast SEO Premium plugin v21.2 (Yoast SEO v21.2) - https:\/\/yoast.com\/wordpress\/plugins\/seo\/ -->\n<title>Dataskyddspolicy | Norlandia<\/title>\n<meta name=\"robots\" content=\"index, follow, max-snippet:-1, max-image-preview:large, max-video-preview:-1\" \/>\n<link rel=\"canonical\" href=\"https:\/\/norlandiahotelgroup.com\/no\/dataskyddspolicy\/\" \/>\n<meta property=\"og:locale\" content=\"nb_NO\" \/>\n<meta property=\"og:type\" content=\"article\" \/>\n<meta property=\"og:title\" content=\"Dataskyddspolicy\" \/>\n<meta property=\"og:description\" content=\"DATA PROTECTION POLICY GDPR Dine data, dine valg \u00a71 DATA VI H\u00c5NDTERER OG FORM\u00c5L FOR H\u00c5NDTERING AV DISSE TYPER DATA: \u00a71.1 Kontaktpersonens navn, telefonnummer, adresse og e-postadresse. \u00a72. KONTAKTDETALJER Kontaktdetaljene vi ber om, sletting av data eller andre sp\u00f8rsm\u00e5l som kan oppst\u00e5 er: E-mail: service@norlandia.no \u00a73. PERSONVERNOMBUDET FOR KONTAKTDETALJER Kontaktdetaljene v\u00e5rt personvernombud ber om, sletting [&hellip;]\" \/>\n<meta property=\"og:url\" content=\"https:\/\/norlandiahotelgroup.com\/no\/dataskyddspolicy\/\" \/>\n<meta property=\"og:site_name\" content=\"Norlandia\" \/>\n<meta property=\"article:publisher\" content=\"https:\/\/www.facebook.com\/norlandiahotelgroup\" \/>\n<meta property=\"article:modified_time\" content=\"2022-11-20T11:57:18+00:00\" \/>\n<meta property=\"og:image\" content=\"https:\/\/norlandiahotelgroup.com\/wp-content\/uploads\/2022\/10\/norlandiahotelgroup-ourteam.jpg\" \/>\n\t<meta property=\"og:image:width\" content=\"1200\" \/>\n\t<meta property=\"og:image:height\" content=\"1000\" \/>\n\t<meta property=\"og:image:type\" content=\"image\/jpeg\" \/>\n<meta name=\"twitter:card\" content=\"summary_large_image\" \/>\n<meta name=\"twitter:label1\" content=\"Ansl. lesetid\" \/>\n\t<meta name=\"twitter:data1\" content=\"3 minutter\" \/>\n<script type=\"application\/ld+json\" class=\"yoast-schema-graph\">{\"@context\":\"https:\/\/schema.org\",\"@graph\":[{\"@type\":\"WebPage\",\"@id\":\"https:\/\/norlandiahotelgroup.com\/no\/dataskyddspolicy\/\",\"url\":\"https:\/\/norlandiahotelgroup.com\/no\/dataskyddspolicy\/\",\"name\":\"Dataskyddspolicy | Norlandia\",\"isPartOf\":{\"@id\":\"https:\/\/norlandiahotelgroup.com\/no\/#website\"},\"datePublished\":\"2019-02-21T09:21:54+00:00\",\"dateModified\":\"2022-11-20T11:57:18+00:00\",\"breadcrumb\":{\"@id\":\"https:\/\/norlandiahotelgroup.com\/no\/dataskyddspolicy\/#breadcrumb\"},\"inLanguage\":\"nb-NO\",\"potentialAction\":[{\"@type\":\"ReadAction\",\"target\":[\"https:\/\/norlandiahotelgroup.com\/no\/dataskyddspolicy\/\"]}]},{\"@type\":\"BreadcrumbList\",\"@id\":\"https:\/\/norlandiahotelgroup.com\/no\/dataskyddspolicy\/#breadcrumb\",\"itemListElement\":[{\"@type\":\"ListItem\",\"position\":1,\"name\":\"Hem\",\"item\":\"https:\/\/norlandiahotelgroup.com\/no\/\"},{\"@type\":\"ListItem\",\"position\":2,\"name\":\"Dataskyddspolicy\"}]},{\"@type\":\"WebSite\",\"@id\":\"https:\/\/norlandiahotelgroup.com\/no\/#website\",\"url\":\"https:\/\/norlandiahotelgroup.com\/no\/\",\"name\":\"Norlandia\",\"description\":\"Norlandia\",\"publisher\":{\"@id\":\"https:\/\/norlandiahotelgroup.com\/no\/#organization\"},\"potentialAction\":[{\"@type\":\"SearchAction\",\"target\":{\"@type\":\"EntryPoint\",\"urlTemplate\":\"https:\/\/norlandiahotelgroup.com\/no\/?s={search_term_string}\"},\"query-input\":\"required name=search_term_string\"}],\"inLanguage\":\"nb-NO\"},{\"@type\":\"Organization\",\"@id\":\"https:\/\/norlandiahotelgroup.com\/no\/#organization\",\"name\":\"Norlandia Hotel Group\",\"url\":\"https:\/\/norlandiahotelgroup.com\/no\/\",\"logo\":{\"@type\":\"ImageObject\",\"inLanguage\":\"nb-NO\",\"@id\":\"https:\/\/norlandiahotelgroup.com\/no\/#\/schema\/logo\/image\/\",\"url\":\"https:\/\/norlandiahotelgroup.com\/wp-content\/uploads\/2022\/10\/cropped-faviconx2-1.jpg\",\"contentUrl\":\"https:\/\/norlandiahotelgroup.com\/wp-content\/uploads\/2022\/10\/cropped-faviconx2-1.jpg\",\"width\":512,\"height\":512,\"caption\":\"Norlandia Hotel Group\"},\"image\":{\"@id\":\"https:\/\/norlandiahotelgroup.com\/no\/#\/schema\/logo\/image\/\"},\"sameAs\":[\"https:\/\/www.facebook.com\/norlandiahotelgroup\"]}]}<\/script>\n<!-- \/ Yoast SEO Premium plugin. -->","yoast_head_json":{"title":"Dataskyddspolicy | Norlandia","robots":{"index":"index","follow":"follow","max-snippet":"max-snippet:-1","max-image-preview":"max-image-preview:large","max-video-preview":"max-video-preview:-1"},"canonical":"https:\/\/norlandiahotelgroup.com\/no\/dataskyddspolicy\/","og_locale":"nb_NO","og_type":"article","og_title":"Dataskyddspolicy","og_description":"DATA PROTECTION POLICY GDPR Dine data, dine valg \u00a71 DATA VI H\u00c5NDTERER OG FORM\u00c5L FOR H\u00c5NDTERING AV DISSE TYPER DATA: \u00a71.1 Kontaktpersonens navn, telefonnummer, adresse og e-postadresse. \u00a72. KONTAKTDETALJER Kontaktdetaljene vi ber om, sletting av data eller andre sp\u00f8rsm\u00e5l som kan oppst\u00e5 er: E-mail: service@norlandia.no \u00a73. PERSONVERNOMBUDET FOR KONTAKTDETALJER Kontaktdetaljene v\u00e5rt personvernombud ber om, sletting [&hellip;]","og_url":"https:\/\/norlandiahotelgroup.com\/no\/dataskyddspolicy\/","og_site_name":"Norlandia","article_publisher":"https:\/\/www.facebook.com\/norlandiahotelgroup","article_modified_time":"2022-11-20T11:57:18+00:00","og_image":[{"width":1200,"height":1000,"url":"https:\/\/norlandiahotelgroup.com\/wp-content\/uploads\/2022\/10\/norlandiahotelgroup-ourteam.jpg","type":"image\/jpeg"}],"twitter_card":"summary_large_image","twitter_misc":{"Ansl. lesetid":"3 minutter"},"schema":{"@context":"https:\/\/schema.org","@graph":[{"@type":"WebPage","@id":"https:\/\/norlandiahotelgroup.com\/no\/dataskyddspolicy\/","url":"https:\/\/norlandiahotelgroup.com\/no\/dataskyddspolicy\/","name":"Dataskyddspolicy | Norlandia","isPartOf":{"@id":"https:\/\/norlandiahotelgroup.com\/no\/#website"},"datePublished":"2019-02-21T09:21:54+00:00","dateModified":"2022-11-20T11:57:18+00:00","breadcrumb":{"@id":"https:\/\/norlandiahotelgroup.com\/no\/dataskyddspolicy\/#breadcrumb"},"inLanguage":"nb-NO","potentialAction":[{"@type":"ReadAction","target":["https:\/\/norlandiahotelgroup.com\/no\/dataskyddspolicy\/"]}]},{"@type":"BreadcrumbList","@id":"https:\/\/norlandiahotelgroup.com\/no\/dataskyddspolicy\/#breadcrumb","itemListElement":[{"@type":"ListItem","position":1,"name":"Hem","item":"https:\/\/norlandiahotelgroup.com\/no\/"},{"@type":"ListItem","position":2,"name":"Dataskyddspolicy"}]},{"@type":"WebSite","@id":"https:\/\/norlandiahotelgroup.com\/no\/#website","url":"https:\/\/norlandiahotelgroup.com\/no\/","name":"Norlandia","description":"Norlandia","publisher":{"@id":"https:\/\/norlandiahotelgroup.com\/no\/#organization"},"potentialAction":[{"@type":"SearchAction","target":{"@type":"EntryPoint","urlTemplate":"https:\/\/norlandiahotelgroup.com\/no\/?s={search_term_string}"},"query-input":"required name=search_term_string"}],"inLanguage":"nb-NO"},{"@type":"Organization","@id":"https:\/\/norlandiahotelgroup.com\/no\/#organization","name":"Norlandia Hotel Group","url":"https:\/\/norlandiahotelgroup.com\/no\/","logo":{"@type":"ImageObject","inLanguage":"nb-NO","@id":"https:\/\/norlandiahotelgroup.com\/no\/#\/schema\/logo\/image\/","url":"https:\/\/norlandiahotelgroup.com\/wp-content\/uploads\/2022\/10\/cropped-faviconx2-1.jpg","contentUrl":"https:\/\/norlandiahotelgroup.com\/wp-content\/uploads\/2022\/10\/cropped-faviconx2-1.jpg","width":512,"height":512,"caption":"Norlandia Hotel Group"},"image":{"@id":"https:\/\/norlandiahotelgroup.com\/no\/#\/schema\/logo\/image\/"},"sameAs":["https:\/\/www.facebook.com\/norlandiahotelgroup"]}]}},"_links":{"self":[{"href":"https:\/\/norlandiahotelgroup.com\/no\/wp-json\/wp\/v2\/pages\/18286"}],"collection":[{"href":"https:\/\/norlandiahotelgroup.com\/no\/wp-json\/wp\/v2\/pages"}],"about":[{"href":"https:\/\/norlandiahotelgroup.com\/no\/wp-json\/wp\/v2\/types\/page"}],"author":[{"embeddable":true,"href":"https:\/\/norlandiahotelgroup.com\/no\/wp-json\/wp\/v2\/users\/3"}],"replies":[{"embeddable":true,"href":"https:\/\/norlandiahotelgroup.com\/no\/wp-json\/wp\/v2\/comments?post=18286"}],"version-history":[{"count":0,"href":"https:\/\/norlandiahotelgroup.com\/no\/wp-json\/wp\/v2\/pages\/18286\/revisions"}],"wp:attachment":[{"href":"https:\/\/norlandiahotelgroup.com\/no\/wp-json\/wp\/v2\/media?parent=18286"}],"wp:term":[{"taxonomy":"page_insights","embeddable":true,"href":"https:\/\/norlandiahotelgroup.com\/no\/wp-json\/wp\/v2\/page_insights?post=18286"}],"curies":[{"name":"wp","href":"https:\/\/api.w.org\/{rel}","templated":true}]}}