{"id":21644,"date":"2023-06-12T09:24:28","date_gmt":"2023-06-12T07:24:28","guid":{"rendered":"https:\/\/norlandiahotelgroup.com\/esg\/"},"modified":"2025-09-05T15:28:10","modified_gmt":"2025-09-05T13:28:10","slug":"esg","status":"publish","type":"page","link":"https:\/\/norlandiahotelgroup.com\/no\/esg\/","title":{"rendered":"ESG"},"content":{"rendered":"\t\t<div data-elementor-type=\"wp-page\" data-elementor-id=\"21644\" class=\"elementor elementor-21644 elementor-21417\" data-elementor-post-type=\"page\">\n\t\t\t\t\t\t\t\t\t<header data-dce-background-overlay-color=\"#18191A00\" class=\"elementor-section elementor-top-section elementor-element elementor-element-9239af3 elementor-section-items-stretch elementor-section-height-min-height elementor-section-boxed elementor-section-height-default\" data-id=\"9239af3\" data-element_type=\"section\" data-settings=\"{&quot;background_background&quot;:&quot;slideshow&quot;,&quot;background_slideshow_gallery&quot;:[{&quot;id&quot;:13603,&quot;url&quot;:&quot;https:\\\/\\\/norlandiahotelgroup.com\\\/wp-content\\\/uploads\\\/2022\\\/10\\\/1920x1080xhund.jpg&quot;}],&quot;background_slideshow_loop&quot;:&quot;yes&quot;,&quot;background_slideshow_slide_duration&quot;:5000,&quot;background_slideshow_slide_transition&quot;:&quot;fade&quot;,&quot;background_slideshow_transition_duration&quot;:500}\">\n\t\t\t\t\t\t\t<div class=\"elementor-background-overlay\"><\/div>\n\t\t\t\t\t\t\t<div class=\"elementor-container elementor-column-gap-default\">\n\t\t\t\t\t<div class=\"elementor-column elementor-col-100 elementor-top-column elementor-element elementor-element-5c47c1e\" data-id=\"5c47c1e\" data-element_type=\"column\">\n\t\t\t<div class=\"elementor-widget-wrap elementor-element-populated\">\n\t\t\t\t\t\t\t\t<section class=\"elementor-section elementor-inner-section elementor-element elementor-element-02f6639 elementor-section-boxed elementor-section-height-default elementor-section-height-default\" data-id=\"02f6639\" data-element_type=\"section\" data-settings=\"{&quot;background_background&quot;:&quot;video&quot;}\">\n\t\t\t\t\t\t<div class=\"elementor-container elementor-column-gap-default\">\n\t\t\t\t\t<div class=\"elementor-column elementor-col-100 elementor-inner-column elementor-element elementor-element-5918460\" data-id=\"5918460\" data-element_type=\"column\">\n\t\t\t<div class=\"elementor-widget-wrap elementor-element-populated\">\n\t\t\t\t\t\t\t\t<div class=\"elementor-element elementor-element-41be3c3 elementor-widget elementor-widget-heading\" data-id=\"41be3c3\" data-element_type=\"widget\" data-widget_type=\"heading.default\">\n\t\t\t\t<div class=\"elementor-widget-container\">\n\t\t\t<style>\/*! elementor - v3.16.0 - 20-09-2023 *\/\n.elementor-heading-title{padding:0;margin:0;line-height:1}.elementor-widget-heading .elementor-heading-title[class*=elementor-size-]>a{color:inherit;font-size:inherit;line-height:inherit}.elementor-widget-heading .elementor-heading-title.elementor-size-small{font-size:15px}.elementor-widget-heading .elementor-heading-title.elementor-size-medium{font-size:19px}.elementor-widget-heading .elementor-heading-title.elementor-size-large{font-size:29px}.elementor-widget-heading .elementor-heading-title.elementor-size-xl{font-size:39px}.elementor-widget-heading .elementor-heading-title.elementor-size-xxl{font-size:59px}<\/style><h5 class=\"elementor-heading-title elementor-size-default\">NORLANDIA HOTEL GROUP<\/h5>\t\t<\/div>\n\t\t\t\t<\/div>\n\t\t\t\t<div class=\"elementor-element elementor-element-45e710b elementor-widget elementor-widget-heading\" data-id=\"45e710b\" data-element_type=\"widget\" data-widget_type=\"heading.default\">\n\t\t\t\t<div class=\"elementor-widget-container\">\n\t\t\t<h1 class=\"elementor-heading-title elementor-size-default\"><span style=\"font-weight: 400;\">ESG<\/span><\/h1>\t\t<\/div>\n\t\t\t\t<\/div>\n\t\t\t\t\t<\/div>\n\t\t<\/div>\n\t\t\t\t\t\t\t<\/div>\n\t\t<\/section>\n\t\t\t\t<div class=\"elementor-element elementor-element-6f5272d elementor-widget__width-auto elementor-absolute animated-slow elementor-hidden-mobile elementor-icon-list--layout-traditional elementor-list-item-link-full_width elementor-invisible elementor-widget elementor-widget-icon-list\" data-id=\"6f5272d\" data-element_type=\"widget\" data-settings=\"{&quot;_position&quot;:&quot;absolute&quot;,&quot;_animation&quot;:&quot;fadeIn&quot;,&quot;_animation_delay&quot;:400}\" data-widget_type=\"icon-list.default\">\n\t\t\t\t<div class=\"elementor-widget-container\">\n\t\t\t<link rel=\"stylesheet\" href=\"https:\/\/norlandiahotelgroup.com\/wp-content\/uploads\/elementor\/css\/custom-widget-icon-list.min.css?ver=1770916133\">\t\t<ul class=\"elementor-icon-list-items\">\n\t\t\t\t\t\t\t<li class=\"elementor-icon-list-item\">\n\t\t\t\t\t\t\t\t\t\t\t<a href=\"#ourhotels\">\n\n\t\t\t\t\t\t\t\t\t\t\t\t<span class=\"elementor-icon-list-icon\">\n\t\t\t\t\t\t\t<svg xmlns=\"http:\/\/www.w3.org\/2000\/svg\" viewBox=\"0 0 36.4 8.1\"><path d=\"M4.9 2.6H36c.2 0 .4.2.4.4v2.1c0 .2-.2.4-.4.4H4.9v1.7c0 .5-.4.9-.9.9-.2 0-.5-.1-.6-.3L.2 4.6c-.3-.3-.3-.9 0-1.2L3.4.2c.3-.3.9-.3 1.2 0 .2.2.3.4.3.6v1.8z\"><\/path><\/svg>\t\t\t\t\t\t<\/span>\n\t\t\t\t\t\t\t\t\t\t<span class=\"elementor-icon-list-text\">BLA NEDOVER<\/span>\n\t\t\t\t\t\t\t\t\t\t\t<\/a>\n\t\t\t\t\t\t\t\t\t<\/li>\n\t\t\t\t\t\t<\/ul>\n\t\t\t\t<\/div>\n\t\t\t\t<\/div>\n\t\t\t\t\t<\/div>\n\t\t<\/div>\n\t\t\t\t\t\t\t<\/div>\n\t\t<\/header>\n\t\t\t\t<section data-dce-background-color=\"#303D4E\" class=\"elementor-section elementor-top-section elementor-element elementor-element-9f4b54e elementor-section-boxed elementor-section-height-default elementor-section-height-default\" data-id=\"9f4b54e\" data-element_type=\"section\" data-settings=\"{&quot;background_background&quot;:&quot;classic&quot;}\">\n\t\t\t\t\t\t<div class=\"elementor-container elementor-column-gap-default\">\n\t\t\t\t\t<div class=\"elementor-column elementor-col-100 elementor-top-column elementor-element elementor-element-55f4bb0\" data-id=\"55f4bb0\" data-element_type=\"column\">\n\t\t\t<div class=\"elementor-widget-wrap elementor-element-populated\">\n\t\t\t\t\t\t\t\t<div class=\"elementor-element elementor-element-68295a0 elementor-widget elementor-widget-text-editor\" data-id=\"68295a0\" data-element_type=\"widget\" data-widget_type=\"text-editor.default\">\n\t\t\t\t<div class=\"elementor-widget-container\">\n\t\t\t<style>\/*! elementor - v3.16.0 - 20-09-2023 *\/\n.elementor-widget-text-editor.elementor-drop-cap-view-stacked .elementor-drop-cap{background-color:#69727d;color:#fff}.elementor-widget-text-editor.elementor-drop-cap-view-framed .elementor-drop-cap{color:#69727d;border:3px solid;background-color:transparent}.elementor-widget-text-editor:not(.elementor-drop-cap-view-default) .elementor-drop-cap{margin-top:8px}.elementor-widget-text-editor:not(.elementor-drop-cap-view-default) .elementor-drop-cap-letter{width:1em;height:1em}.elementor-widget-text-editor .elementor-drop-cap{float:left;text-align:center;line-height:1;font-size:50px}.elementor-widget-text-editor .elementor-drop-cap-letter{display:inline-block}<\/style>\t\t\t\t<p>Ved \u00e5 navigere i kompleksiteten til virksomheten i dag, kan vi ha en meningsfull og b\u00e6rekraftig innvirkning p\u00e5 morgendagen.<\/p>\n<p>Vi har stor tro p\u00e5 at investering i en b\u00e6rekraftig fremtid er bra for planeten og bra for virksomheten.<\/p>\n<p>ESG st\u00e5r for Environmental \u2013 Social \u2013 Governance og handler om \u00e5 operere etter et sett med standarder som bidrar til \u00e5 bekjempe globale utfordringer som har innvirkning p\u00e5 fremtiden. Med sosialt bevisste valg og bedriftspolitikk kan vi bidra til \u00e5 lede veien gjennom klimaendringer, regulatorisk press og demografiske endringer for en bedre morgendag.<\/p>\n<p>Nye risikofaktorer har f\u00e5tt fokus p\u00e5 global skala og b\u00e6rekraftige valg spiller en del av kompleksiteten ved \u00e5 drive forretning. Bedrifter m\u00e5 tilpasse seg en<br \/>\nverden i rask endring og bidra til \u00e5 ta ansvar for kommende generasjoner.<\/p>\n<p>Vi er alle en del av denne planeten og ivaretakelse av milj\u00f8et er og vil fortsette \u00e5 v\u00e6re en avgj\u00f8rende del av \u00e5 gj\u00f8re gode forretninger \u2013 for oss, for planeten og<br \/>\nfor fremtiden.<\/p>\n\t\t\t\t\t\t<\/div>\n\t\t\t\t<\/div>\n\t\t\t\t\t<\/div>\n\t\t<\/div>\n\t\t\t\t\t\t\t<\/div>\n\t\t<\/section>\n\t\t\t\t<section class=\"elementor-section elementor-top-section elementor-element elementor-element-f598ad3 elementor-section-boxed elementor-section-height-default elementor-section-height-default\" data-id=\"f598ad3\" data-element_type=\"section\" data-settings=\"{&quot;background_background&quot;:&quot;classic&quot;}\">\n\t\t\t\t\t\t<div class=\"elementor-container elementor-column-gap-default\">\n\t\t\t\t\t<div class=\"elementor-column elementor-col-100 elementor-top-column elementor-element elementor-element-5cf836f\" data-id=\"5cf836f\" data-element_type=\"column\">\n\t\t\t<div class=\"elementor-widget-wrap elementor-element-populated\">\n\t\t\t\t\t\t\t\t<div class=\"elementor-element elementor-element-93e7638 elementor-widget elementor-widget-heading\" data-id=\"93e7638\" data-element_type=\"widget\" data-widget_type=\"heading.default\">\n\t\t\t\t<div class=\"elementor-widget-container\">\n\t\t\t<h2 class=\"elementor-heading-title elementor-size-default\">\u00c5penhetsloven.<\/h2>\t\t<\/div>\n\t\t\t\t<\/div>\n\t\t\t\t<div class=\"elementor-element elementor-element-43756c8 elementor-widget-divider--view-line elementor-widget elementor-widget-divider\" data-id=\"43756c8\" data-element_type=\"widget\" data-widget_type=\"divider.default\">\n\t\t\t\t<div class=\"elementor-widget-container\">\n\t\t\t<style>\/*! elementor - v3.16.0 - 20-09-2023 *\/\n.elementor-widget-divider{--divider-border-style:none;--divider-border-width:1px;--divider-color:#0c0d0e;--divider-icon-size:20px;--divider-element-spacing:10px;--divider-pattern-height:24px;--divider-pattern-size:20px;--divider-pattern-url:none;--divider-pattern-repeat:repeat-x}.elementor-widget-divider .elementor-divider{display:flex}.elementor-widget-divider .elementor-divider__text{font-size:15px;line-height:1;max-width:95%}.elementor-widget-divider .elementor-divider__element{margin:0 var(--divider-element-spacing);flex-shrink:0}.elementor-widget-divider .elementor-icon{font-size:var(--divider-icon-size)}.elementor-widget-divider .elementor-divider-separator{display:flex;margin:0;direction:ltr}.elementor-widget-divider--view-line_icon .elementor-divider-separator,.elementor-widget-divider--view-line_text .elementor-divider-separator{align-items:center}.elementor-widget-divider--view-line_icon .elementor-divider-separator:after,.elementor-widget-divider--view-line_icon .elementor-divider-separator:before,.elementor-widget-divider--view-line_text .elementor-divider-separator:after,.elementor-widget-divider--view-line_text .elementor-divider-separator:before{display:block;content:\"\";border-bottom:0;flex-grow:1;border-top:var(--divider-border-width) var(--divider-border-style) var(--divider-color)}.elementor-widget-divider--element-align-left .elementor-divider .elementor-divider-separator>.elementor-divider__svg:first-of-type{flex-grow:0;flex-shrink:100}.elementor-widget-divider--element-align-left .elementor-divider-separator:before{content:none}.elementor-widget-divider--element-align-left .elementor-divider__element{margin-left:0}.elementor-widget-divider--element-align-right .elementor-divider .elementor-divider-separator>.elementor-divider__svg:last-of-type{flex-grow:0;flex-shrink:100}.elementor-widget-divider--element-align-right .elementor-divider-separator:after{content:none}.elementor-widget-divider--element-align-right .elementor-divider__element{margin-right:0}.elementor-widget-divider:not(.elementor-widget-divider--view-line_text):not(.elementor-widget-divider--view-line_icon) .elementor-divider-separator{border-top:var(--divider-border-width) var(--divider-border-style) var(--divider-color)}.elementor-widget-divider--separator-type-pattern{--divider-border-style:none}.elementor-widget-divider--separator-type-pattern.elementor-widget-divider--view-line .elementor-divider-separator,.elementor-widget-divider--separator-type-pattern:not(.elementor-widget-divider--view-line) .elementor-divider-separator:after,.elementor-widget-divider--separator-type-pattern:not(.elementor-widget-divider--view-line) .elementor-divider-separator:before,.elementor-widget-divider--separator-type-pattern:not([class*=elementor-widget-divider--view]) .elementor-divider-separator{width:100%;min-height:var(--divider-pattern-height);-webkit-mask-size:var(--divider-pattern-size) 100%;mask-size:var(--divider-pattern-size) 100%;-webkit-mask-repeat:var(--divider-pattern-repeat);mask-repeat:var(--divider-pattern-repeat);background-color:var(--divider-color);-webkit-mask-image:var(--divider-pattern-url);mask-image:var(--divider-pattern-url)}.elementor-widget-divider--no-spacing{--divider-pattern-size:auto}.elementor-widget-divider--bg-round{--divider-pattern-repeat:round}.rtl .elementor-widget-divider .elementor-divider__text{direction:rtl}.e-con-inner>.elementor-widget-divider,.e-con>.elementor-widget-divider{width:var(--container-widget-width,100%);--flex-grow:var(--container-widget-flex-grow)}<\/style>\t\t<div class=\"elementor-divider\">\n\t\t\t<span class=\"elementor-divider-separator\">\n\t\t\t\t\t\t<\/span>\n\t\t<\/div>\n\t\t\t\t<\/div>\n\t\t\t\t<\/div>\n\t\t\t\t<div class=\"elementor-element elementor-element-ce5cb2c elementor-widget elementor-widget-text-editor\" data-id=\"ce5cb2c\" data-element_type=\"widget\" data-widget_type=\"text-editor.default\">\n\t\t\t\t<div class=\"elementor-widget-container\">\n\t\t\t\t\t\t\t<p>Den 1. juli 2022 tr\u00e5dte \u00c5penhetsloven i kraft. Loven p\u00e5legger virksomheter en informasjonsplikt, samt en plikt om \u00e5 gjennomf\u00f8re aktsomhetsvurderinger som skal redegj\u00f8res for i en rapport.<\/p>\n<p>Under f\u00f8lger redegj\u00f8relse i henhold til \u00c5penhetsloven:<\/p>\n<p><a href=\"https:\/\/norlandiahotelgroup.com\/ESG\/Norlandia24\">Norlandia Hotel Group AS<\/a> (Parent Company)<\/p>\n\t\t\t\t\t\t<\/div>\n\t\t\t\t<\/div>\n\t\t\t\t\t<\/div>\n\t\t<\/div>\n\t\t\t\t\t\t\t<\/div>\n\t\t<\/section>\n\t\t\t\t\t\t\t<\/div>\n\t\t","protected":false},"excerpt":{"rendered":"<p>NORLANDIA HOTEL GROUP ESG BLA NEDOVER Ved \u00e5 navigere i kompleksiteten til virksomheten i dag, kan vi ha en meningsfull og b\u00e6rekraftig innvirkning p\u00e5 morgendagen. Vi har stor tro p\u00e5 at investering i en b\u00e6rekraftig fremtid er bra for planeten og bra for virksomheten. ESG st\u00e5r for Environmental \u2013 Social \u2013 Governance og handler om [&hellip;]<\/p>\n","protected":false},"author":10,"featured_media":0,"parent":0,"menu_order":0,"comment_status":"closed","ping_status":"closed","template":"","meta":{"footnotes":""},"page_insights":[],"acf":[],"yoast_head":"<!-- This site is optimized with the Yoast SEO Premium plugin v21.2 (Yoast SEO v21.2) - https:\/\/yoast.com\/wordpress\/plugins\/seo\/ -->\n<title>ESG | Norlandia<\/title>\n<meta name=\"robots\" content=\"noindex, nofollow\" \/>\n<meta property=\"og:locale\" content=\"nb_NO\" \/>\n<meta property=\"og:type\" content=\"article\" \/>\n<meta property=\"og:title\" content=\"ESG\" \/>\n<meta property=\"og:description\" content=\"NORLANDIA HOTEL GROUP ESG BLA NEDOVER Ved \u00e5 navigere i kompleksiteten til virksomheten i dag, kan vi ha en meningsfull og b\u00e6rekraftig innvirkning p\u00e5 morgendagen. Vi har stor tro p\u00e5 at investering i en b\u00e6rekraftig fremtid er bra for planeten og bra for virksomheten. ESG st\u00e5r for Environmental \u2013 Social \u2013 Governance og handler om [&hellip;]\" \/>\n<meta property=\"og:url\" content=\"https:\/\/norlandiahotelgroup.com\/no\/esg\/\" \/>\n<meta property=\"og:site_name\" content=\"Norlandia\" \/>\n<meta property=\"article:publisher\" content=\"https:\/\/www.facebook.com\/norlandiahotelgroup\" \/>\n<meta property=\"article:modified_time\" content=\"2025-09-05T13:28:10+00:00\" \/>\n<meta property=\"og:image\" content=\"https:\/\/norlandiahotelgroup.com\/wp-content\/uploads\/2022\/10\/norlandiahotelgroup-ourteam.jpg\" \/>\n\t<meta property=\"og:image:width\" content=\"1200\" \/>\n\t<meta property=\"og:image:height\" content=\"1000\" \/>\n\t<meta property=\"og:image:type\" content=\"image\/jpeg\" \/>\n<meta name=\"twitter:card\" content=\"summary_large_image\" \/>\n<meta name=\"twitter:label1\" content=\"Ansl. lesetid\" \/>\n\t<meta name=\"twitter:data1\" content=\"1 minutt\" \/>\n<script type=\"application\/ld+json\" class=\"yoast-schema-graph\">{\"@context\":\"https:\/\/schema.org\",\"@graph\":[{\"@type\":\"WebPage\",\"@id\":\"https:\/\/norlandiahotelgroup.com\/no\/esg\/\",\"url\":\"https:\/\/norlandiahotelgroup.com\/no\/esg\/\",\"name\":\"ESG | Norlandia\",\"isPartOf\":{\"@id\":\"https:\/\/norlandiahotelgroup.com\/no\/#website\"},\"datePublished\":\"2023-06-12T07:24:28+00:00\",\"dateModified\":\"2025-09-05T13:28:10+00:00\",\"breadcrumb\":{\"@id\":\"https:\/\/norlandiahotelgroup.com\/no\/esg\/#breadcrumb\"},\"inLanguage\":\"nb-NO\",\"potentialAction\":[{\"@type\":\"ReadAction\",\"target\":[\"https:\/\/norlandiahotelgroup.com\/no\/esg\/\"]}]},{\"@type\":\"BreadcrumbList\",\"@id\":\"https:\/\/norlandiahotelgroup.com\/no\/esg\/#breadcrumb\",\"itemListElement\":[{\"@type\":\"ListItem\",\"position\":1,\"name\":\"Hem\",\"item\":\"https:\/\/norlandiahotelgroup.com\/no\/\"},{\"@type\":\"ListItem\",\"position\":2,\"name\":\"ESG\"}]},{\"@type\":\"WebSite\",\"@id\":\"https:\/\/norlandiahotelgroup.com\/no\/#website\",\"url\":\"https:\/\/norlandiahotelgroup.com\/no\/\",\"name\":\"Norlandia\",\"description\":\"Norlandia\",\"publisher\":{\"@id\":\"https:\/\/norlandiahotelgroup.com\/no\/#organization\"},\"potentialAction\":[{\"@type\":\"SearchAction\",\"target\":{\"@type\":\"EntryPoint\",\"urlTemplate\":\"https:\/\/norlandiahotelgroup.com\/no\/?s={search_term_string}\"},\"query-input\":\"required name=search_term_string\"}],\"inLanguage\":\"nb-NO\"},{\"@type\":\"Organization\",\"@id\":\"https:\/\/norlandiahotelgroup.com\/no\/#organization\",\"name\":\"Norlandia Hotel Group\",\"url\":\"https:\/\/norlandiahotelgroup.com\/no\/\",\"logo\":{\"@type\":\"ImageObject\",\"inLanguage\":\"nb-NO\",\"@id\":\"https:\/\/norlandiahotelgroup.com\/no\/#\/schema\/logo\/image\/\",\"url\":\"https:\/\/norlandiahotelgroup.com\/wp-content\/uploads\/2022\/10\/cropped-faviconx2-1.jpg\",\"contentUrl\":\"https:\/\/norlandiahotelgroup.com\/wp-content\/uploads\/2022\/10\/cropped-faviconx2-1.jpg\",\"width\":512,\"height\":512,\"caption\":\"Norlandia Hotel Group\"},\"image\":{\"@id\":\"https:\/\/norlandiahotelgroup.com\/no\/#\/schema\/logo\/image\/\"},\"sameAs\":[\"https:\/\/www.facebook.com\/norlandiahotelgroup\"]}]}<\/script>\n<!-- \/ Yoast SEO Premium plugin. -->","yoast_head_json":{"title":"ESG | Norlandia","robots":{"index":"noindex","follow":"nofollow"},"og_locale":"nb_NO","og_type":"article","og_title":"ESG","og_description":"NORLANDIA HOTEL GROUP ESG BLA NEDOVER Ved \u00e5 navigere i kompleksiteten til virksomheten i dag, kan vi ha en meningsfull og b\u00e6rekraftig innvirkning p\u00e5 morgendagen. Vi har stor tro p\u00e5 at investering i en b\u00e6rekraftig fremtid er bra for planeten og bra for virksomheten. ESG st\u00e5r for Environmental \u2013 Social \u2013 Governance og handler om [&hellip;]","og_url":"https:\/\/norlandiahotelgroup.com\/no\/esg\/","og_site_name":"Norlandia","article_publisher":"https:\/\/www.facebook.com\/norlandiahotelgroup","article_modified_time":"2025-09-05T13:28:10+00:00","og_image":[{"width":1200,"height":1000,"url":"https:\/\/norlandiahotelgroup.com\/wp-content\/uploads\/2022\/10\/norlandiahotelgroup-ourteam.jpg","type":"image\/jpeg"}],"twitter_card":"summary_large_image","twitter_misc":{"Ansl. lesetid":"1 minutt"},"schema":{"@context":"https:\/\/schema.org","@graph":[{"@type":"WebPage","@id":"https:\/\/norlandiahotelgroup.com\/no\/esg\/","url":"https:\/\/norlandiahotelgroup.com\/no\/esg\/","name":"ESG | Norlandia","isPartOf":{"@id":"https:\/\/norlandiahotelgroup.com\/no\/#website"},"datePublished":"2023-06-12T07:24:28+00:00","dateModified":"2025-09-05T13:28:10+00:00","breadcrumb":{"@id":"https:\/\/norlandiahotelgroup.com\/no\/esg\/#breadcrumb"},"inLanguage":"nb-NO","potentialAction":[{"@type":"ReadAction","target":["https:\/\/norlandiahotelgroup.com\/no\/esg\/"]}]},{"@type":"BreadcrumbList","@id":"https:\/\/norlandiahotelgroup.com\/no\/esg\/#breadcrumb","itemListElement":[{"@type":"ListItem","position":1,"name":"Hem","item":"https:\/\/norlandiahotelgroup.com\/no\/"},{"@type":"ListItem","position":2,"name":"ESG"}]},{"@type":"WebSite","@id":"https:\/\/norlandiahotelgroup.com\/no\/#website","url":"https:\/\/norlandiahotelgroup.com\/no\/","name":"Norlandia","description":"Norlandia","publisher":{"@id":"https:\/\/norlandiahotelgroup.com\/no\/#organization"},"potentialAction":[{"@type":"SearchAction","target":{"@type":"EntryPoint","urlTemplate":"https:\/\/norlandiahotelgroup.com\/no\/?s={search_term_string}"},"query-input":"required name=search_term_string"}],"inLanguage":"nb-NO"},{"@type":"Organization","@id":"https:\/\/norlandiahotelgroup.com\/no\/#organization","name":"Norlandia Hotel Group","url":"https:\/\/norlandiahotelgroup.com\/no\/","logo":{"@type":"ImageObject","inLanguage":"nb-NO","@id":"https:\/\/norlandiahotelgroup.com\/no\/#\/schema\/logo\/image\/","url":"https:\/\/norlandiahotelgroup.com\/wp-content\/uploads\/2022\/10\/cropped-faviconx2-1.jpg","contentUrl":"https:\/\/norlandiahotelgroup.com\/wp-content\/uploads\/2022\/10\/cropped-faviconx2-1.jpg","width":512,"height":512,"caption":"Norlandia Hotel Group"},"image":{"@id":"https:\/\/norlandiahotelgroup.com\/no\/#\/schema\/logo\/image\/"},"sameAs":["https:\/\/www.facebook.com\/norlandiahotelgroup"]}]}},"_links":{"self":[{"href":"https:\/\/norlandiahotelgroup.com\/no\/wp-json\/wp\/v2\/pages\/21644"}],"collection":[{"href":"https:\/\/norlandiahotelgroup.com\/no\/wp-json\/wp\/v2\/pages"}],"about":[{"href":"https:\/\/norlandiahotelgroup.com\/no\/wp-json\/wp\/v2\/types\/page"}],"author":[{"embeddable":true,"href":"https:\/\/norlandiahotelgroup.com\/no\/wp-json\/wp\/v2\/users\/10"}],"replies":[{"embeddable":true,"href":"https:\/\/norlandiahotelgroup.com\/no\/wp-json\/wp\/v2\/comments?post=21644"}],"version-history":[{"count":6,"href":"https:\/\/norlandiahotelgroup.com\/no\/wp-json\/wp\/v2\/pages\/21644\/revisions"}],"predecessor-version":[{"id":23297,"href":"https:\/\/norlandiahotelgroup.com\/no\/wp-json\/wp\/v2\/pages\/21644\/revisions\/23297"}],"wp:attachment":[{"href":"https:\/\/norlandiahotelgroup.com\/no\/wp-json\/wp\/v2\/media?parent=21644"}],"wp:term":[{"taxonomy":"page_insights","embeddable":true,"href":"https:\/\/norlandiahotelgroup.com\/no\/wp-json\/wp\/v2\/page_insights?post=21644"}],"curies":[{"name":"wp","href":"https:\/\/api.w.org\/{rel}","templated":true}]}}