{"id":16640,"date":"2019-02-21T10:21:54","date_gmt":"2019-02-21T09:21:54","guid":{"rendered":"http:\/\/norlandia.juliet.utvecklingswebb.se\/dataskyddspolicy\/"},"modified":"2022-10-28T11:34:32","modified_gmt":"2022-10-28T09:34:32","slug":"dataskyddspolicy","status":"publish","type":"page","link":"https:\/\/norlandiahotelgroup.com\/sv\/dataskyddspolicy\/","title":{"rendered":"Dataskyddspolicy"},"content":{"rendered":"\t\t<div data-elementor-type=\"wp-page\" data-elementor-id=\"16640\" class=\"elementor elementor-16640 elementor-3\" data-elementor-post-type=\"page\">\n\t\t\t\t\t\t\t\t\t<header class=\"elementor-section elementor-top-section elementor-element elementor-element-7f2f882 animated-slow elementor-section-height-min-height elementor-section-items-stretch elementor-section-boxed elementor-section-height-default elementor-invisible\" data-id=\"7f2f882\" data-element_type=\"section\" data-settings=\"{&quot;animation&quot;:&quot;fadeIn&quot;}\">\n\t\t\t\t\t\t<div class=\"elementor-container elementor-column-gap-default\">\n\t\t\t\t\t<div class=\"elementor-column elementor-col-100 elementor-top-column elementor-element elementor-element-71161f3\" data-id=\"71161f3\" data-element_type=\"column\">\n\t\t\t<div class=\"elementor-widget-wrap elementor-element-populated\">\n\t\t\t\t\t\t\t\t<div class=\"elementor-element elementor-element-5fc152a elementor-widget elementor-widget-heading\" data-id=\"5fc152a\" data-element_type=\"widget\" data-widget_type=\"heading.default\">\n\t\t\t\t<div class=\"elementor-widget-container\">\n\t\t\t<style>\/*! elementor - v3.16.0 - 20-09-2023 *\/\n.elementor-heading-title{padding:0;margin:0;line-height:1}.elementor-widget-heading .elementor-heading-title[class*=elementor-size-]>a{color:inherit;font-size:inherit;line-height:inherit}.elementor-widget-heading .elementor-heading-title.elementor-size-small{font-size:15px}.elementor-widget-heading .elementor-heading-title.elementor-size-medium{font-size:19px}.elementor-widget-heading .elementor-heading-title.elementor-size-large{font-size:29px}.elementor-widget-heading .elementor-heading-title.elementor-size-xl{font-size:39px}.elementor-widget-heading .elementor-heading-title.elementor-size-xxl{font-size:59px}<\/style><h5 class=\"elementor-heading-title elementor-size-default\">DATASKYDDSPOLICY<\/h5>\t\t<\/div>\n\t\t\t\t<\/div>\n\t\t\t\t<div class=\"elementor-element elementor-element-f8c6d9a elementor-widget elementor-widget-heading\" data-id=\"f8c6d9a\" data-element_type=\"widget\" data-widget_type=\"heading.default\">\n\t\t\t\t<div class=\"elementor-widget-container\">\n\t\t\t<h1 class=\"elementor-heading-title elementor-size-default\">GDPR<\/h1>\t\t<\/div>\n\t\t\t\t<\/div>\n\t\t\t\t<div class=\"elementor-element elementor-element-4a44932 elementor-widget-divider--view-line elementor-widget elementor-widget-divider\" data-id=\"4a44932\" data-element_type=\"widget\" data-widget_type=\"divider.default\">\n\t\t\t\t<div class=\"elementor-widget-container\">\n\t\t\t<style>\/*! elementor - v3.16.0 - 20-09-2023 *\/\n.elementor-widget-divider{--divider-border-style:none;--divider-border-width:1px;--divider-color:#0c0d0e;--divider-icon-size:20px;--divider-element-spacing:10px;--divider-pattern-height:24px;--divider-pattern-size:20px;--divider-pattern-url:none;--divider-pattern-repeat:repeat-x}.elementor-widget-divider .elementor-divider{display:flex}.elementor-widget-divider .elementor-divider__text{font-size:15px;line-height:1;max-width:95%}.elementor-widget-divider .elementor-divider__element{margin:0 var(--divider-element-spacing);flex-shrink:0}.elementor-widget-divider .elementor-icon{font-size:var(--divider-icon-size)}.elementor-widget-divider .elementor-divider-separator{display:flex;margin:0;direction:ltr}.elementor-widget-divider--view-line_icon .elementor-divider-separator,.elementor-widget-divider--view-line_text .elementor-divider-separator{align-items:center}.elementor-widget-divider--view-line_icon .elementor-divider-separator:after,.elementor-widget-divider--view-line_icon .elementor-divider-separator:before,.elementor-widget-divider--view-line_text .elementor-divider-separator:after,.elementor-widget-divider--view-line_text .elementor-divider-separator:before{display:block;content:\"\";border-bottom:0;flex-grow:1;border-top:var(--divider-border-width) var(--divider-border-style) var(--divider-color)}.elementor-widget-divider--element-align-left .elementor-divider .elementor-divider-separator>.elementor-divider__svg:first-of-type{flex-grow:0;flex-shrink:100}.elementor-widget-divider--element-align-left .elementor-divider-separator:before{content:none}.elementor-widget-divider--element-align-left .elementor-divider__element{margin-left:0}.elementor-widget-divider--element-align-right .elementor-divider .elementor-divider-separator>.elementor-divider__svg:last-of-type{flex-grow:0;flex-shrink:100}.elementor-widget-divider--element-align-right .elementor-divider-separator:after{content:none}.elementor-widget-divider--element-align-right .elementor-divider__element{margin-right:0}.elementor-widget-divider:not(.elementor-widget-divider--view-line_text):not(.elementor-widget-divider--view-line_icon) .elementor-divider-separator{border-top:var(--divider-border-width) var(--divider-border-style) var(--divider-color)}.elementor-widget-divider--separator-type-pattern{--divider-border-style:none}.elementor-widget-divider--separator-type-pattern.elementor-widget-divider--view-line .elementor-divider-separator,.elementor-widget-divider--separator-type-pattern:not(.elementor-widget-divider--view-line) .elementor-divider-separator:after,.elementor-widget-divider--separator-type-pattern:not(.elementor-widget-divider--view-line) .elementor-divider-separator:before,.elementor-widget-divider--separator-type-pattern:not([class*=elementor-widget-divider--view]) .elementor-divider-separator{width:100%;min-height:var(--divider-pattern-height);-webkit-mask-size:var(--divider-pattern-size) 100%;mask-size:var(--divider-pattern-size) 100%;-webkit-mask-repeat:var(--divider-pattern-repeat);mask-repeat:var(--divider-pattern-repeat);background-color:var(--divider-color);-webkit-mask-image:var(--divider-pattern-url);mask-image:var(--divider-pattern-url)}.elementor-widget-divider--no-spacing{--divider-pattern-size:auto}.elementor-widget-divider--bg-round{--divider-pattern-repeat:round}.rtl .elementor-widget-divider .elementor-divider__text{direction:rtl}.e-con-inner>.elementor-widget-divider,.e-con>.elementor-widget-divider{width:var(--container-widget-width,100%);--flex-grow:var(--container-widget-flex-grow)}<\/style>\t\t<div class=\"elementor-divider\">\n\t\t\t<span class=\"elementor-divider-separator\">\n\t\t\t\t\t\t<\/span>\n\t\t<\/div>\n\t\t\t\t<\/div>\n\t\t\t\t<\/div>\n\t\t\t\t\t<\/div>\n\t\t<\/div>\n\t\t\t\t\t\t\t<\/div>\n\t\t<\/header>\n\t\t\t\t<section data-dce-background-color=\"#F3F4F5\" class=\"elementor-section elementor-top-section elementor-element elementor-element-859ec5d elementor-section-full_width elementor-section-height-default elementor-section-height-default\" data-id=\"859ec5d\" data-element_type=\"section\" id=\"scrolltome\" data-settings=\"{&quot;background_background&quot;:&quot;classic&quot;}\">\n\t\t\t\t\t\t<div class=\"elementor-container elementor-column-gap-default\">\n\t\t\t\t\t<div class=\"elementor-column elementor-col-100 elementor-top-column elementor-element elementor-element-f8a5de2\" data-id=\"f8a5de2\" data-element_type=\"column\">\n\t\t\t<div class=\"elementor-widget-wrap elementor-element-populated\">\n\t\t\t\t\t\t\t\t<section class=\"elementor-section elementor-inner-section elementor-element elementor-element-7016921 elementor-section-boxed elementor-section-height-default elementor-section-height-default\" data-id=\"7016921\" data-element_type=\"section\">\n\t\t\t\t\t\t<div class=\"elementor-container elementor-column-gap-wide\">\n\t\t\t\t\t<div class=\"elementor-column elementor-col-50 elementor-inner-column elementor-element elementor-element-e48ed8d\" data-id=\"e48ed8d\" data-element_type=\"column\">\n\t\t\t<div class=\"elementor-widget-wrap elementor-element-populated\">\n\t\t\t\t\t\t\t\t<div class=\"elementor-element elementor-element-5338d18 elementor-widget elementor-widget-heading\" data-id=\"5338d18\" data-element_type=\"widget\" data-widget_type=\"heading.default\">\n\t\t\t\t<div class=\"elementor-widget-container\">\n\t\t\t<h2 class=\"elementor-heading-title elementor-size-default\">Din data, ditt val<\/h2>\t\t<\/div>\n\t\t\t\t<\/div>\n\t\t\t\t\t<\/div>\n\t\t<\/div>\n\t\t\t\t<div class=\"elementor-column elementor-col-50 elementor-inner-column elementor-element elementor-element-3784ef0\" data-id=\"3784ef0\" data-element_type=\"column\">\n\t\t\t<div class=\"elementor-widget-wrap elementor-element-populated\">\n\t\t\t\t\t\t\t\t<div class=\"elementor-element elementor-element-8c0c7db elementor-widget elementor-widget-text-editor\" data-id=\"8c0c7db\" data-element_type=\"widget\" data-widget_type=\"text-editor.default\">\n\t\t\t\t<div class=\"elementor-widget-container\">\n\t\t\t<style>\/*! elementor - v3.16.0 - 20-09-2023 *\/\n.elementor-widget-text-editor.elementor-drop-cap-view-stacked .elementor-drop-cap{background-color:#69727d;color:#fff}.elementor-widget-text-editor.elementor-drop-cap-view-framed .elementor-drop-cap{color:#69727d;border:3px solid;background-color:transparent}.elementor-widget-text-editor:not(.elementor-drop-cap-view-default) .elementor-drop-cap{margin-top:8px}.elementor-widget-text-editor:not(.elementor-drop-cap-view-default) .elementor-drop-cap-letter{width:1em;height:1em}.elementor-widget-text-editor .elementor-drop-cap{float:left;text-align:center;line-height:1;font-size:50px}.elementor-widget-text-editor .elementor-drop-cap-letter{display:inline-block}<\/style>\t\t\t\t<h3>\u00a71. UPPGIFTER VI HANTERAR OCH SYFTE VI HANTERAR DESSA TYPER AV UPPGIFTER:<\/h3>\r\n\u00a71.1 Kontaktpersons namn, telefonnummer, adress och e-postadress.\r\n<h3>\u00a72. KONTAKTUPPGIFTER<\/h3>\r\nV\u00e5ra kontaktuppgifter f\u00f6r att beg\u00e4ra ut information, f\u00e5 uppgifter raderade eller andra fr\u00e5gor som kan uppst\u00e5 \u00e4r:\r\n\r\nE-post: service@norlandia.no\r\n<h3>\u00a73. KONTAKTUPPGIFTER DATASKYDDSOMBUD<\/h3>\r\nV\u00e5ra kontaktuppgifter till dataskyddsombud f\u00f6r att beg\u00e4ra ut information, f\u00e5 uppgifter raderade eller andra fr\u00e5gor som kan uppst\u00e5 \u00e4r samma som ovanst\u00e5ende, punkt \u00a72.\r\n<h3>\u00a74. V\u00c5RA SKYLDIGHETER<\/h3>\r\nVi \u00e4r alltid skyldiga och ansvariga att inom 48h (vardagar) tillhandah\u00e5lla alla sorts uppgifter, anteckningar och information som respektive person och\/eller f\u00f6retag beg\u00e4r. Likas\u00e5 g\u00e4ller borttagning av detsamma. Vi l\u00e4mnar sj\u00e4lvklart aldrig ut uppgifter till tredje part eller till n\u00e5gon som ej verifierats vara tillika person f\u00f6r uppgifterna eller leverant\u00f6r som beh\u00f6ver behandla exempelvis adress eller liknande. Vi har ocks\u00e5 skyldighet att r\u00e4tta och uppdatera uppgifter om \u00f6nskem\u00e5l om detta sker. \u00c4ven detta ska ske snarast, men senast inom 72h (vardagar). Om ni inte tycker vi fullf\u00f6ljer v\u00e5ra skyldigheter uppmanas ni till att kontakta tillsynsmyndighet om vi inte \u00e4r \u00f6verens. Ni har all r\u00e4tt att f\u00e5 reda p\u00e5 hur vi har f\u00e5tt tag p\u00e5 uppgifterna om ni \u00e4r os\u00e4kra, detta skall vi redovisa med tydlighet.\r\n<h3>\u00a75. ATT DRA TILLBAKA SAMTYCKET<\/h3>\r\nNi som kund eller samarbetspartner har alltid r\u00e4tt att n\u00e4r som helst dra tillbaka ert samtycke f\u00f6r detta avtal. Om ni \u00f6nskar g\u00f6ra detta skriver ni ett e-postmeddelande till oss d\u00e4r ni beskriver att ni \u00f6nskar dra tillbaka ert samtycke. Detta sker med omedelbar verkan och v\u00e5ra skyldigheter enligt \u00a74 aktiveras per automatik.\r\n<h3>\u00a76. R\u00c4TTEN ATT BLI GL\u00d6MD<\/h3>\r\nNi som kund eller samarbetspartner har alltid r\u00e4tt att n\u00e4r som helst bli gl\u00f6md. Om detta \u00f6nskas skriver man ett e-postmeddelande till oss och ber\u00e4ttar att man \u00f6nskar bli gl\u00f6md. Detta sker med omedelbar verkan och v\u00e5ra skyldigheter enligt \u00a74 aktiveras per automatik.\r\n<h3>\u00a77. TIDSFRIST<\/h3>\r\nGenom att anv\u00e4nda v\u00e5r webbplats samtycker du till v\u00e5r policy. Detta samtyckesavtal g\u00e4ller fram tills dess att man aktivt avslutar samtycket, eller om \u00a75 och \u00a76 aktiveras.\r\n<h3>\u00a78. ANV\u00c4NDARR\u00c4TT<\/h3>\r\nI denna paragraf beskriver vi vilka som har r\u00e4tt att anv\u00e4nda sig utav uppgifterna som anges i \u00a71. De som \u00e4r anst\u00e4llda hos oss har r\u00e4tt att anv\u00e4nda de uppgifter som kr\u00e4vs f\u00f6r att utf\u00f6ra arbetsuppgifterna. De anst\u00e4llda har f\u00e5tt intern utbildning som beskrivs i \u00a79.\r\n<h3>\u00a79. ANV\u00c4NDARS\u00c4KERHET<\/h3>\r\nPersonalen som hanterar personuppgifter utbildas internt och l\u00f6pande i hantering av uppgifter. Detta f\u00f6r att den m\u00e4nskliga faktorn skall vara absolut minimal. De tr\u00e4nas p\u00e5 att hantera uppgifter p\u00e5 ett varsamt s\u00e4tt \u00f6ver tid och har kunskap i att kunna gl\u00f6mma kunders uppgifter i v\u00e5ra system.\r\n<h3>\u00a710. TEKNISK S\u00c4KERHET<\/h3>\r\nAlla uppgifter som inneh\u00e5ller k\u00e4nsliga uppgifter lagras digitalt med krypterad s\u00e4kerhet.\r\n<h3>\u00a711. FORMUL\u00c4RDATA<\/h3>\r\nFormul\u00e4r som skickas in via webbplatsen lagras digital och skickas via krypterad anslutning. Dessa uppgifter lagrar vi f\u00f6r att kunna h\u00e5lla v\u00e5r service p\u00e5 h\u00f6gsta niv\u00e5.\r\n<h3>\u00a712. Cookies<\/h3>\r\nEn kaka (cookie) \u00e4r en liten textfil som webbplatsen du bes\u00f6ker beg\u00e4r att spara p\u00e5 din dator. Kakor anv\u00e4nds p\u00e5 m\u00e5nga webbplatser f\u00f6r att ge en bes\u00f6kare tillg\u00e5ng till olika funktioner. Informationen i kakan \u00e4r m\u00f6jlig att anv\u00e4nda f\u00f6r att f\u00f6lja en anv\u00e4ndares surfande.\r\n\r\nDet finns tv\u00e5 typer av kakor. Den ena typen sparar en fil under en l\u00e4ngre tid p\u00e5 din dator. Den anv\u00e4nds till exempel vid funktioner som talar om vad som \u00e4r nytt sedan anv\u00e4ndaren senast bes\u00f6kte den aktuella webbplatsen. Den andra typen av kakor kallas sessionskakor. Under tiden du \u00e4r inne och surfar p\u00e5 en sida, lagras den h\u00e4r kakan tempor\u00e4rt i din dators minne exempelvis f\u00f6r att h\u00e5lla reda p\u00e5 vilket spr\u00e5k du har valt. Sessionskakor lagras inte under en l\u00e4ngre tid p\u00e5 din dator, utan f\u00f6rsvinner n\u00e4r du st\u00e4nger din webbl\u00e4sare.\r\n<h3>\u00a713. UNDERH\u00c5LL<\/h3>\r\nVi uppdaterar och ser \u00f6ver v\u00e5r policy frekvent, en g\u00e5ng i kvartalet, eller mer om det beh\u00f6vs, s\u00e5 att den alltid \u00e4r aktuell och p\u00e5litlig.\t\t\t\t\t\t<\/div>\n\t\t\t\t<\/div>\n\t\t\t\t\t<\/div>\n\t\t<\/div>\n\t\t\t\t\t\t\t<\/div>\n\t\t<\/section>\n\t\t\t\t\t<\/div>\n\t\t<\/div>\n\t\t\t\t\t\t\t<\/div>\n\t\t<\/section>\n\t\t\t\t\t\t\t<\/div>\n\t\t","protected":false},"excerpt":{"rendered":"<p>DATASKYDDSPOLICY GDPR Din data, ditt val \u00a71. UPPGIFTER VI HANTERAR OCH SYFTE VI HANTERAR DESSA TYPER AV UPPGIFTER: \u00a71.1 Kontaktpersons namn, telefonnummer, adress och e-postadress. \u00a72. KONTAKTUPPGIFTER V\u00e5ra kontaktuppgifter f\u00f6r att beg\u00e4ra ut information, f\u00e5 uppgifter raderade eller andra fr\u00e5gor som kan uppst\u00e5 \u00e4r: E-post: service@norlandia.no \u00a73. KONTAKTUPPGIFTER DATASKYDDSOMBUD V\u00e5ra kontaktuppgifter till dataskyddsombud f\u00f6r att [&hellip;]<\/p>\n","protected":false},"author":3,"featured_media":0,"parent":0,"menu_order":1000,"comment_status":"closed","ping_status":"closed","template":"elementor_header_footer","meta":{"footnotes":""},"page_insights":[],"acf":[],"yoast_head":"<!-- This site is optimized with the Yoast SEO Premium plugin v21.2 (Yoast SEO v21.2) - https:\/\/yoast.com\/wordpress\/plugins\/seo\/ -->\n<title>Dataskyddspolicy | Norlandia<\/title>\n<meta name=\"robots\" content=\"index, follow, max-snippet:-1, max-image-preview:large, max-video-preview:-1\" \/>\n<link rel=\"canonical\" href=\"https:\/\/norlandiahotelgroup.com\/sv\/dataskyddspolicy\/\" \/>\n<meta property=\"og:locale\" content=\"sv_SE\" \/>\n<meta property=\"og:type\" content=\"article\" \/>\n<meta property=\"og:title\" content=\"Dataskyddspolicy\" \/>\n<meta property=\"og:description\" content=\"DATASKYDDSPOLICY GDPR Din data, ditt val \u00a71. UPPGIFTER VI HANTERAR OCH SYFTE VI HANTERAR DESSA TYPER AV UPPGIFTER: \u00a71.1 Kontaktpersons namn, telefonnummer, adress och e-postadress. \u00a72. KONTAKTUPPGIFTER V\u00e5ra kontaktuppgifter f\u00f6r att beg\u00e4ra ut information, f\u00e5 uppgifter raderade eller andra fr\u00e5gor som kan uppst\u00e5 \u00e4r: E-post: service@norlandia.no \u00a73. KONTAKTUPPGIFTER DATASKYDDSOMBUD V\u00e5ra kontaktuppgifter till dataskyddsombud f\u00f6r att [&hellip;]\" \/>\n<meta property=\"og:url\" content=\"https:\/\/norlandiahotelgroup.com\/sv\/dataskyddspolicy\/\" \/>\n<meta property=\"og:site_name\" content=\"Norlandia\" \/>\n<meta property=\"article:publisher\" content=\"https:\/\/www.facebook.com\/norlandiahotelgroup\" \/>\n<meta property=\"article:modified_time\" content=\"2022-10-28T09:34:32+00:00\" \/>\n<meta property=\"og:image\" content=\"https:\/\/norlandiahotelgroup.com\/wp-content\/uploads\/2022\/10\/norlandiahotelgroup-ourteam.jpg\" \/>\n\t<meta property=\"og:image:width\" content=\"1200\" \/>\n\t<meta property=\"og:image:height\" content=\"1000\" \/>\n\t<meta property=\"og:image:type\" content=\"image\/jpeg\" \/>\n<meta name=\"twitter:card\" content=\"summary_large_image\" \/>\n<meta name=\"twitter:label1\" content=\"Ber\u00e4knad l\u00e4stid\" \/>\n\t<meta name=\"twitter:data1\" content=\"4 minuter\" \/>\n<script type=\"application\/ld+json\" class=\"yoast-schema-graph\">{\"@context\":\"https:\/\/schema.org\",\"@graph\":[{\"@type\":\"WebPage\",\"@id\":\"https:\/\/norlandiahotelgroup.com\/sv\/dataskyddspolicy\/\",\"url\":\"https:\/\/norlandiahotelgroup.com\/sv\/dataskyddspolicy\/\",\"name\":\"Dataskyddspolicy | Norlandia\",\"isPartOf\":{\"@id\":\"https:\/\/norlandiahotelgroup.com\/sv\/#website\"},\"datePublished\":\"2019-02-21T09:21:54+00:00\",\"dateModified\":\"2022-10-28T09:34:32+00:00\",\"breadcrumb\":{\"@id\":\"https:\/\/norlandiahotelgroup.com\/sv\/dataskyddspolicy\/#breadcrumb\"},\"inLanguage\":\"sv-SE\",\"potentialAction\":[{\"@type\":\"ReadAction\",\"target\":[\"https:\/\/norlandiahotelgroup.com\/sv\/dataskyddspolicy\/\"]}]},{\"@type\":\"BreadcrumbList\",\"@id\":\"https:\/\/norlandiahotelgroup.com\/sv\/dataskyddspolicy\/#breadcrumb\",\"itemListElement\":[{\"@type\":\"ListItem\",\"position\":1,\"name\":\"Hem\",\"item\":\"https:\/\/norlandiahotelgroup.com\/sv\/\"},{\"@type\":\"ListItem\",\"position\":2,\"name\":\"Dataskyddspolicy\"}]},{\"@type\":\"WebSite\",\"@id\":\"https:\/\/norlandiahotelgroup.com\/sv\/#website\",\"url\":\"https:\/\/norlandiahotelgroup.com\/sv\/\",\"name\":\"Norlandia\",\"description\":\"Norlandia\",\"publisher\":{\"@id\":\"https:\/\/norlandiahotelgroup.com\/sv\/#organization\"},\"potentialAction\":[{\"@type\":\"SearchAction\",\"target\":{\"@type\":\"EntryPoint\",\"urlTemplate\":\"https:\/\/norlandiahotelgroup.com\/sv\/?s={search_term_string}\"},\"query-input\":\"required name=search_term_string\"}],\"inLanguage\":\"sv-SE\"},{\"@type\":\"Organization\",\"@id\":\"https:\/\/norlandiahotelgroup.com\/sv\/#organization\",\"name\":\"Norlandia Hotel Group\",\"url\":\"https:\/\/norlandiahotelgroup.com\/sv\/\",\"logo\":{\"@type\":\"ImageObject\",\"inLanguage\":\"sv-SE\",\"@id\":\"https:\/\/norlandiahotelgroup.com\/sv\/#\/schema\/logo\/image\/\",\"url\":\"https:\/\/norlandiahotelgroup.com\/wp-content\/uploads\/2022\/10\/cropped-faviconx2-1.jpg\",\"contentUrl\":\"https:\/\/norlandiahotelgroup.com\/wp-content\/uploads\/2022\/10\/cropped-faviconx2-1.jpg\",\"width\":512,\"height\":512,\"caption\":\"Norlandia Hotel Group\"},\"image\":{\"@id\":\"https:\/\/norlandiahotelgroup.com\/sv\/#\/schema\/logo\/image\/\"},\"sameAs\":[\"https:\/\/www.facebook.com\/norlandiahotelgroup\"]}]}<\/script>\n<!-- \/ Yoast SEO Premium plugin. -->","yoast_head_json":{"title":"Dataskyddspolicy | Norlandia","robots":{"index":"index","follow":"follow","max-snippet":"max-snippet:-1","max-image-preview":"max-image-preview:large","max-video-preview":"max-video-preview:-1"},"canonical":"https:\/\/norlandiahotelgroup.com\/sv\/dataskyddspolicy\/","og_locale":"sv_SE","og_type":"article","og_title":"Dataskyddspolicy","og_description":"DATASKYDDSPOLICY GDPR Din data, ditt val \u00a71. UPPGIFTER VI HANTERAR OCH SYFTE VI HANTERAR DESSA TYPER AV UPPGIFTER: \u00a71.1 Kontaktpersons namn, telefonnummer, adress och e-postadress. \u00a72. KONTAKTUPPGIFTER V\u00e5ra kontaktuppgifter f\u00f6r att beg\u00e4ra ut information, f\u00e5 uppgifter raderade eller andra fr\u00e5gor som kan uppst\u00e5 \u00e4r: E-post: service@norlandia.no \u00a73. KONTAKTUPPGIFTER DATASKYDDSOMBUD V\u00e5ra kontaktuppgifter till dataskyddsombud f\u00f6r att [&hellip;]","og_url":"https:\/\/norlandiahotelgroup.com\/sv\/dataskyddspolicy\/","og_site_name":"Norlandia","article_publisher":"https:\/\/www.facebook.com\/norlandiahotelgroup","article_modified_time":"2022-10-28T09:34:32+00:00","og_image":[{"width":1200,"height":1000,"url":"https:\/\/norlandiahotelgroup.com\/wp-content\/uploads\/2022\/10\/norlandiahotelgroup-ourteam.jpg","type":"image\/jpeg"}],"twitter_card":"summary_large_image","twitter_misc":{"Ber\u00e4knad l\u00e4stid":"4 minuter"},"schema":{"@context":"https:\/\/schema.org","@graph":[{"@type":"WebPage","@id":"https:\/\/norlandiahotelgroup.com\/sv\/dataskyddspolicy\/","url":"https:\/\/norlandiahotelgroup.com\/sv\/dataskyddspolicy\/","name":"Dataskyddspolicy | Norlandia","isPartOf":{"@id":"https:\/\/norlandiahotelgroup.com\/sv\/#website"},"datePublished":"2019-02-21T09:21:54+00:00","dateModified":"2022-10-28T09:34:32+00:00","breadcrumb":{"@id":"https:\/\/norlandiahotelgroup.com\/sv\/dataskyddspolicy\/#breadcrumb"},"inLanguage":"sv-SE","potentialAction":[{"@type":"ReadAction","target":["https:\/\/norlandiahotelgroup.com\/sv\/dataskyddspolicy\/"]}]},{"@type":"BreadcrumbList","@id":"https:\/\/norlandiahotelgroup.com\/sv\/dataskyddspolicy\/#breadcrumb","itemListElement":[{"@type":"ListItem","position":1,"name":"Hem","item":"https:\/\/norlandiahotelgroup.com\/sv\/"},{"@type":"ListItem","position":2,"name":"Dataskyddspolicy"}]},{"@type":"WebSite","@id":"https:\/\/norlandiahotelgroup.com\/sv\/#website","url":"https:\/\/norlandiahotelgroup.com\/sv\/","name":"Norlandia","description":"Norlandia","publisher":{"@id":"https:\/\/norlandiahotelgroup.com\/sv\/#organization"},"potentialAction":[{"@type":"SearchAction","target":{"@type":"EntryPoint","urlTemplate":"https:\/\/norlandiahotelgroup.com\/sv\/?s={search_term_string}"},"query-input":"required name=search_term_string"}],"inLanguage":"sv-SE"},{"@type":"Organization","@id":"https:\/\/norlandiahotelgroup.com\/sv\/#organization","name":"Norlandia Hotel Group","url":"https:\/\/norlandiahotelgroup.com\/sv\/","logo":{"@type":"ImageObject","inLanguage":"sv-SE","@id":"https:\/\/norlandiahotelgroup.com\/sv\/#\/schema\/logo\/image\/","url":"https:\/\/norlandiahotelgroup.com\/wp-content\/uploads\/2022\/10\/cropped-faviconx2-1.jpg","contentUrl":"https:\/\/norlandiahotelgroup.com\/wp-content\/uploads\/2022\/10\/cropped-faviconx2-1.jpg","width":512,"height":512,"caption":"Norlandia Hotel Group"},"image":{"@id":"https:\/\/norlandiahotelgroup.com\/sv\/#\/schema\/logo\/image\/"},"sameAs":["https:\/\/www.facebook.com\/norlandiahotelgroup"]}]}},"_links":{"self":[{"href":"https:\/\/norlandiahotelgroup.com\/sv\/wp-json\/wp\/v2\/pages\/16640"}],"collection":[{"href":"https:\/\/norlandiahotelgroup.com\/sv\/wp-json\/wp\/v2\/pages"}],"about":[{"href":"https:\/\/norlandiahotelgroup.com\/sv\/wp-json\/wp\/v2\/types\/page"}],"author":[{"embeddable":true,"href":"https:\/\/norlandiahotelgroup.com\/sv\/wp-json\/wp\/v2\/users\/3"}],"replies":[{"embeddable":true,"href":"https:\/\/norlandiahotelgroup.com\/sv\/wp-json\/wp\/v2\/comments?post=16640"}],"version-history":[{"count":0,"href":"https:\/\/norlandiahotelgroup.com\/sv\/wp-json\/wp\/v2\/pages\/16640\/revisions"}],"wp:attachment":[{"href":"https:\/\/norlandiahotelgroup.com\/sv\/wp-json\/wp\/v2\/media?parent=16640"}],"wp:term":[{"taxonomy":"page_insights","embeddable":true,"href":"https:\/\/norlandiahotelgroup.com\/sv\/wp-json\/wp\/v2\/page_insights?post=16640"}],"curies":[{"name":"wp","href":"https:\/\/api.w.org\/{rel}","templated":true}]}}